{"id":102,"date":"2022-01-10T14:55:36","date_gmt":"2022-01-10T13:55:36","guid":{"rendered":"https:\/\/spielundactionev.de\/?page_id=102"},"modified":"2023-04-12T11:58:37","modified_gmt":"2023-04-12T09:58:37","slug":"impressum","status":"publish","type":"page","link":"https:\/\/spielundactionev.de\/?page_id=102","title":{"rendered":"Impressum"},"content":{"rendered":"<p>Spiel &amp; Action e.V.<img loading=\"lazy\" decoding=\"async\" class=\" wp-image-17 alignright\" src=\"https:\/\/spielundactionev.de\/wp-content\/uploads\/2022\/01\/cropped-cropped-logo-neu-300x300.png\" alt=\"\" width=\"230\" height=\"230\" srcset=\"https:\/\/spielundactionev.de\/wp-content\/uploads\/2022\/01\/cropped-cropped-logo-neu-300x300.png 300w, https:\/\/spielundactionev.de\/wp-content\/uploads\/2022\/01\/cropped-cropped-logo-neu-150x150.png 150w, https:\/\/spielundactionev.de\/wp-content\/uploads\/2022\/01\/cropped-cropped-logo-neu-270x270.png 270w, https:\/\/spielundactionev.de\/wp-content\/uploads\/2022\/01\/cropped-cropped-logo-neu-192x192.png 192w, https:\/\/spielundactionev.de\/wp-content\/uploads\/2022\/01\/cropped-cropped-logo-neu-180x180.png 180w, https:\/\/spielundactionev.de\/wp-content\/uploads\/2022\/01\/cropped-cropped-logo-neu-32x32.png 32w, https:\/\/spielundactionev.de\/wp-content\/uploads\/2022\/01\/cropped-cropped-logo-neu.png 512w\" sizes=\"auto, (max-width: 230px) 100vw, 230px\" \/><br \/>\nK\u00e4seglocke<br \/>\nLeonorenstr. 65<br \/>\n12247 Berlin<\/p>\n<p>Tel.: 030 \/ 715 22 868<br \/>\nE-Mail: info(at)spielundactionev.de<\/p>\n<p>Inhaltlich verantwortlich gem\u00e4\u00df \u00a7 10 Absatz 3 MDStV:<\/p>\n<p>Spiel &amp; Action e.V. (Anschrift wie oben)<\/p>\n<p>&nbsp;<\/p>\n<p><strong>Kontoverbindung:<\/p>\n<p><\/strong>Spiel und Action e.V.<br \/>\nBerliner Volksbank<br \/>\nIBAN: DE90 1009 0000 3206 1850 06<br \/>\nBIC: BEVODEBBXXX<strong><br \/>\n<\/strong><\/p>\n<p><strong><br \/>\nGesch\u00e4ftsf\u00fchrerinnen:<\/strong><\/p>\n<p>Dipl. Soz. P\u00e4d. Maren Westphal<br \/>\nE &#8211; Mail: mwestphal(at)spielundactionev.de<\/p>\n<p>Silvia H\u00e4rtel<br \/>\nE-Mail: shaertel(at)spielundactionev.de<\/p>\n","protected":false},"excerpt":{"rendered":"<p>Spiel &amp; Action e.V. K\u00e4seglocke Leonorenstr. 65 12247 Berlin Tel.: 030 \/ 715 22 868 E-Mail: info(at)spielundactionev.de Inhaltlich verantwortlich gem\u00e4\u00df \u00a7 10 Absatz 3 MDStV: Spiel &amp; Action e.V. (Anschrift wie oben) &nbsp; Kontoverbindung: Spiel und Action e.V. Berliner Volksbank IBAN: DE90 1009 0000 3206 1850 06 BIC: BEVODEBBXXX Gesch\u00e4ftsf\u00fchrerinnen: Dipl. Soz. P\u00e4d. Maren Westphal &hellip; <\/p>\n<p class=\"link-more\"><a href=\"https:\/\/spielundactionev.de\/?page_id=102\" class=\"more-link\"><span class=\"screen-reader-text\">\u201eImpressum\u201c <\/span>weiterlesen<\/a><\/p>\n","protected":false},"author":2,"featured_media":0,"parent":98,"menu_order":1,"comment_status":"closed","ping_status":"closed","template":"","meta":{"ngg_post_thumbnail":0,"footnotes":""},"class_list":["post-102","page","type-page","status-publish","hentry"],"_links":{"self":[{"href":"https:\/\/spielundactionev.de\/index.php?rest_route=\/wp\/v2\/pages\/102","targetHints":{"allow":["GET"]}}],"collection":[{"href":"https:\/\/spielundactionev.de\/index.php?rest_route=\/wp\/v2\/pages"}],"about":[{"href":"https:\/\/spielundactionev.de\/index.php?rest_route=\/wp\/v2\/types\/page"}],"author":[{"embeddable":true,"href":"https:\/\/spielundactionev.de\/index.php?rest_route=\/wp\/v2\/users\/2"}],"replies":[{"embeddable":true,"href":"https:\/\/spielundactionev.de\/index.php?rest_route=%2Fwp%2Fv2%2Fcomments&post=102"}],"version-history":[{"count":6,"href":"https:\/\/spielundactionev.de\/index.php?rest_route=\/wp\/v2\/pages\/102\/revisions"}],"predecessor-version":[{"id":836,"href":"https:\/\/spielundactionev.de\/index.php?rest_route=\/wp\/v2\/pages\/102\/revisions\/836"}],"up":[{"embeddable":true,"href":"https:\/\/spielundactionev.de\/index.php?rest_route=\/wp\/v2\/pages\/98"}],"wp:attachment":[{"href":"https:\/\/spielundactionev.de\/index.php?rest_route=%2Fwp%2Fv2%2Fmedia&parent=102"}],"curies":[{"name":"wp","href":"https:\/\/api.w.org\/{rel}","templated":true}]}}