{"id":13,"date":"2022-01-09T21:38:38","date_gmt":"2022-01-09T20:38:38","guid":{"rendered":"https:\/\/spielundactionev.de\/?page_id=13"},"modified":"2026-04-14T11:59:07","modified_gmt":"2026-04-14T09:59:07","slug":"home","status":"publish","type":"page","link":"https:\/\/spielundactionev.de\/","title":{"rendered":"Startseite"},"content":{"rendered":"<p><img loading=\"lazy\" decoding=\"async\" class=\" wp-image-17 alignright\" src=\"https:\/\/spielundactionev.de\/wp-content\/uploads\/2022\/01\/cropped-cropped-logo-neu-300x300.png\" alt=\"\" width=\"230\" height=\"230\" srcset=\"https:\/\/spielundactionev.de\/wp-content\/uploads\/2022\/01\/cropped-cropped-logo-neu-300x300.png 300w, https:\/\/spielundactionev.de\/wp-content\/uploads\/2022\/01\/cropped-cropped-logo-neu-150x150.png 150w, https:\/\/spielundactionev.de\/wp-content\/uploads\/2022\/01\/cropped-cropped-logo-neu-270x270.png 270w, https:\/\/spielundactionev.de\/wp-content\/uploads\/2022\/01\/cropped-cropped-logo-neu-192x192.png 192w, https:\/\/spielundactionev.de\/wp-content\/uploads\/2022\/01\/cropped-cropped-logo-neu-180x180.png 180w, https:\/\/spielundactionev.de\/wp-content\/uploads\/2022\/01\/cropped-cropped-logo-neu-32x32.png 32w, https:\/\/spielundactionev.de\/wp-content\/uploads\/2022\/01\/cropped-cropped-logo-neu.png 512w\" sizes=\"auto, (max-width: 230px) 100vw, 230px\" \/>Herzlich Willkommen auf unserer&nbsp; Webseite.<\/p>\n<p>Wir laden Sie ein mehr \u00fcber uns zu erfahren, aber auch m\u00f6chte wir hier von Zeit zu Zeit erz\u00e4hlen was bei uns so ansteht. M\u00f6chten Sie aktuell erfahren was bei uns passiert schauen Sie gerne bei <a href=\"https:\/\/www.instagram.com\/kaeseglocke\/\" target=\"_blank\" rel=\"noopener\">Instagram<\/a> oder <a href=\"https:\/\/www.facebook.com\/kaeseglocke.lankwitz\" target=\"_blank\" rel=\"noopener\">Facebook<\/a> vorbei. Wo wir sonst noch so in den Sozialen Netwerken unterwegs sind erfahren Sie <a href=\"https:\/\/spielundactionev.de\/?page_id=149\">hier<\/a>.<\/p>\n<p>&nbsp;<\/p>\n<p>++++++++Aktuelles++++++++Aktuelles++++++++Aktuelles++++++++<\/p>\n<p><img loading=\"lazy\" decoding=\"async\" class=\"aligncenter size-full wp-image-994\" src=\"https:\/\/spielundactionev.de\/wp-content\/uploads\/2026\/04\/ssv2026.jpg\" alt=\"\" width=\"1264\" height=\"1772\" srcset=\"https:\/\/spielundactionev.de\/wp-content\/uploads\/2026\/04\/ssv2026.jpg 1264w, https:\/\/spielundactionev.de\/wp-content\/uploads\/2026\/04\/ssv2026-214x300.jpg 214w, https:\/\/spielundactionev.de\/wp-content\/uploads\/2026\/04\/ssv2026-730x1024.jpg 730w, https:\/\/spielundactionev.de\/wp-content\/uploads\/2026\/04\/ssv2026-768x1077.jpg 768w, https:\/\/spielundactionev.de\/wp-content\/uploads\/2026\/04\/ssv2026-1096x1536.jpg 1096w\" sizes=\"auto, (max-width: 767px) 89vw, (max-width: 1000px) 54vw, (max-width: 1071px) 543px, 580px\" \/>&nbsp;<\/p>\n<p>&nbsp;<\/p>\n<p>Wir sind wieder am Start! Der Tr\u00f6del-Basar ist nicht nur in neuen R\u00e4umen, sondern hat auch einen neuen Namen. Die Tr\u00f6del-Stube hat ihre &#8222;Hallen&#8220; ge\u00f6ffnet.&nbsp;<\/p>\n<h1 style=\"text-align: center;\"><span style=\"color: #3366ff;\"><strong>\u00d6ffnungszeiten:<\/strong><\/span><br \/>\n<span style=\"color: #3366ff;\"><strong>Dienstag 10 &#8211; 12 Uhr<br \/>\nund 18 &#8211; 19 Uhr&nbsp;<\/strong><\/span><\/h1>\n<p>Weitere Infos finden Sie <a href=\"https:\/\/spielundactionev.de\/?page_id=41\">hier<\/a>.<\/p>\n<p><img loading=\"lazy\" decoding=\"async\" class=\"aligncenter wp-image-995 size-full\" src=\"https:\/\/spielundactionev.de\/wp-content\/uploads\/2026\/04\/TS-05-0726.jpg\" alt=\"\" width=\"1264\" height=\"1772\" srcset=\"https:\/\/spielundactionev.de\/wp-content\/uploads\/2026\/04\/TS-05-0726.jpg 1264w, https:\/\/spielundactionev.de\/wp-content\/uploads\/2026\/04\/TS-05-0726-214x300.jpg 214w, https:\/\/spielundactionev.de\/wp-content\/uploads\/2026\/04\/TS-05-0726-730x1024.jpg 730w, https:\/\/spielundactionev.de\/wp-content\/uploads\/2026\/04\/TS-05-0726-768x1077.jpg 768w, https:\/\/spielundactionev.de\/wp-content\/uploads\/2026\/04\/TS-05-0726-1096x1536.jpg 1096w\" sizes=\"auto, (max-width: 767px) 89vw, (max-width: 1000px) 54vw, (max-width: 1071px) 543px, 580px\" \/><\/p>\n<p>&nbsp;<\/p>\n<p>++++++++Ende Aktuelles++++++++Ende Aktuelles++++++++++++++++<\/p>\n<p>Wenn Sie noch weiter auf unser Webseite st\u00f6bern m\u00f6chten k\u00f6nnen Sie folgendes entdecken:<\/p>\n<p>Bei <a href=\"https:\/\/spielundactionev.de\/?page_id=34\">\u00fcber uns<\/a> k\u00f6nnen Sie alles \u00fcber uns erfahren, wo wir denken, dass dies f\u00fcr Sie interessant sein k\u00f6nnte:<br \/>\n<a href=\"https:\/\/spielundactionev.de\/?page_id=43\">Kinder-, Jugend- und Familientreff K\u00e4seglocke&nbsp;<\/a> -&gt; Die K\u00e4seglocke stellt sich vor&nbsp;<br \/>\n<a href=\"https:\/\/spielundactionev.de\/?page_id=39\">Projekte&nbsp;<\/a> -&gt; Eine kleine \u00dcbersicht \u00fcber unsere aktuellen Projekte<br \/>\n<a href=\"https:\/\/spielundactionev.de\/?page_id=41\">Tr\u00f6del-Stube&nbsp;<\/a> -&gt; Der Tr\u00f6del-Basar stellt sich vor<br \/>\n<a href=\"https:\/\/spielundactionev.de\/?page_id=45\">Runder Tisch Lankwitz-S\u00fcdende<\/a> -&gt; Der Runde Tisch Lankwitz-S\u00fcdende stellt sich vor<br \/>\n<a href=\"https:\/\/spielundactionev.de\/?page_id=404\">Kooperationen und Vernetzung<\/a> -&gt; Unsere Kooperationspartner*innen und Netzwerke<\/p>\n<p><img loading=\"lazy\" decoding=\"async\" class=\"alignnone wp-image-233\" src=\"https:\/\/spielundactionev.de\/wp-content\/uploads\/2022\/01\/team-300x150.png\" alt=\"\" width=\"482\" height=\"241\" srcset=\"https:\/\/spielundactionev.de\/wp-content\/uploads\/2022\/01\/team-300x150.png 300w, https:\/\/spielundactionev.de\/wp-content\/uploads\/2022\/01\/team-1024x512.png 1024w, https:\/\/spielundactionev.de\/wp-content\/uploads\/2022\/01\/team-768x384.png 768w, https:\/\/spielundactionev.de\/wp-content\/uploads\/2022\/01\/team-1536x768.png 1536w, https:\/\/spielundactionev.de\/wp-content\/uploads\/2022\/01\/team.png 2000w\" sizes=\"auto, (max-width: 482px) 100vw, 482px\" \/><\/p>\n<p>Bei <a href=\"https:\/\/spielundactionev.de\/?page_id=54\">Veranstaltungen<\/a> stellen wir Ihnen die festen Events im Laufe des Jahres vor:<br \/>\n<a href=\"https:\/\/spielundactionev.de\/?page_id=56\">Tr\u00f6delmarkt im Rosengarten<\/a> -&gt; Termine und Ablauf f\u00fcr den Tr\u00f6delmarkt im Rosengarten<br \/>\n<a href=\"https:\/\/spielundactionev.de\/?page_id=64\">Kiez-Fest<\/a> &#8211; Termin und Ablauf vom Kiez-Fest<br \/>\n<a href=\"https:\/\/spielundactionev.de\/?page_id=66\">Rede mit in Lankwitz<\/a> -&gt; Termin und Ablauf der Zukunftswerkstatt&nbsp;<br \/>\n<a href=\"https:\/\/spielundactionev.de\/?page_id=58\">Halloweenb\u00f6rse<\/a> -&gt; Termin und Ablauf der Halloweenb\u00f6rse<br \/>\n<a href=\"https:\/\/spielundactionev.de\/?page_id=60\">Schmuckb\u00f6rse<\/a> -&gt; Termin und Ablauf der Schmuckb\u00f6rse&nbsp;<\/p>\n<p>&nbsp;<\/p>\n<p>Bei <a href=\"https:\/\/spielundactionev.de\/?page_id=188\">digitalen Angeboten<\/a> stellen wir die Angebote in der digitalen Welt f\u00fcr Kinder, Jugendliche und junge Erwachsene, sowie f\u00fcr Eltern vor. Und Sie k\u00f6nnen finden, wo wir in den Sozialen Netzwerken zu finden sind.<br \/>\n<a href=\"https:\/\/spielundactionev.de\/?page_id=191\">Angebote f\u00fcr Kinder, Jugendliche und junge Erwachsene<\/a> -&gt; Unsere digitale Welt und Angebote f\u00fcr Kinder, Jugendliche und junge Erwachsene<br \/>\n<a href=\"https:\/\/spielundactionev.de\/?page_id=204\">Angebote f\u00fcr Eltern<\/a> -&gt; Wir haben auch f\u00fcr Eltern einen digitalen Raum geschaffen, wo sie sich austauschen und informieren k\u00f6nnen<br \/>\n<a href=\"https:\/\/spielundactionev.de\/?page_id=545\">Escape Game &#8211; Ein besonderes Abenteuer<\/a> &#8211; digitales Escape Game f\u00fcr die ganze Familie &#8211; Gemeinschaftsprojekt mit MovingYouth &#8211; MySZ vom Evangelischen Jugendhilfeverein e.V.&nbsp;<br \/>\n<a href=\"https:\/\/spielundactionev.de\/?page_id=149\">Soziale Netzwerke<\/a> -&gt; Sehen und gesehen werden ist wichtig und so sind wir auch in den verschiedenen Netzwerken vertreten<\/p>\n<p><img loading=\"lazy\" decoding=\"async\" class=\"size-medium wp-image-305 aligncenter\" src=\"https:\/\/spielundactionev.de\/wp-content\/uploads\/2022\/01\/sozialnetz-300x177.png\" alt=\"\" width=\"300\" height=\"177\" srcset=\"https:\/\/spielundactionev.de\/wp-content\/uploads\/2022\/01\/sozialnetz-300x177.png 300w, https:\/\/spielundactionev.de\/wp-content\/uploads\/2022\/01\/sozialnetz-768x453.png 768w, https:\/\/spielundactionev.de\/wp-content\/uploads\/2022\/01\/sozialnetz.png 1000w\" sizes=\"auto, (max-width: 300px) 100vw, 300px\" \/><\/p>\n<p>Wenn Sie mit uns in den <a href=\"https:\/\/spielundactionev.de\/?page_id=81\">Kontakt<\/a> treten wollen, sind Sie hier richtig:<br \/>\n<a href=\"https:\/\/spielundactionev.de\/?page_id=83\">Pers\u00f6nlich<\/a><br \/>\n<a href=\"https:\/\/spielundactionev.de\/?page_id=87\">Praktikum<\/a><br \/>\n<a href=\"https:\/\/spielundactionev.de\/?page_id=85\">Spendenabgabe<\/a><\/p>\n<p>Wir w\u00fcnschen Ihnen viel Spa\u00df beim Umschauen!<\/p>\n<p>&nbsp;<\/p>\n<p><center><br \/>\n<iframe loading=\"lazy\" style=\"border: 0;\" src=\"https:\/\/www.google.com\/maps\/embed?pb=!1m18!1m12!1m3!1d2432.193233868428!2d13.341682915762933!3d52.43941427979904!2m3!1f0!2f0!3f0!3m2!1i1024!2i768!4f13.1!3m3!1m2!1s0x47a85ac73274e2d1%3A0xe5b4428c17eecc12!2sK%C3%A4seglocke%2C%20Kinder-%20Jugend-%20und%20Familientreff!5e0!3m2!1sde!2sde!4v1642262010806!5m2!1sde!2sde\" width=\"600\" height=\"450\" allowfullscreen=\"allowfullscreen\"><\/iframe><br \/>\n&nbsp;<\/center><\/p>\n","protected":false},"excerpt":{"rendered":"<p>Herzlich Willkommen auf unserer&nbsp; Webseite. Wir laden Sie ein mehr \u00fcber uns zu erfahren, aber auch m\u00f6chte wir hier von Zeit zu Zeit erz\u00e4hlen was bei uns so ansteht. M\u00f6chten Sie aktuell erfahren was bei uns passiert schauen Sie gerne bei Instagram oder Facebook vorbei. Wo wir sonst noch so in den Sozialen Netwerken unterwegs &hellip; <\/p>\n<p class=\"link-more\"><a href=\"https:\/\/spielundactionev.de\/\" class=\"more-link\"><span class=\"screen-reader-text\">\u201eStartseite\u201c <\/span>weiterlesen<\/a><\/p>\n","protected":false},"author":2,"featured_media":0,"parent":0,"menu_order":0,"comment_status":"closed","ping_status":"closed","template":"","meta":{"ngg_post_thumbnail":0,"footnotes":""},"class_list":["post-13","page","type-page","status-publish","hentry"],"_links":{"self":[{"href":"https:\/\/spielundactionev.de\/index.php?rest_route=\/wp\/v2\/pages\/13","targetHints":{"allow":["GET"]}}],"collection":[{"href":"https:\/\/spielundactionev.de\/index.php?rest_route=\/wp\/v2\/pages"}],"about":[{"href":"https:\/\/spielundactionev.de\/index.php?rest_route=\/wp\/v2\/types\/page"}],"author":[{"embeddable":true,"href":"https:\/\/spielundactionev.de\/index.php?rest_route=\/wp\/v2\/users\/2"}],"replies":[{"embeddable":true,"href":"https:\/\/spielundactionev.de\/index.php?rest_route=%2Fwp%2Fv2%2Fcomments&post=13"}],"version-history":[{"count":52,"href":"https:\/\/spielundactionev.de\/index.php?rest_route=\/wp\/v2\/pages\/13\/revisions"}],"predecessor-version":[{"id":996,"href":"https:\/\/spielundactionev.de\/index.php?rest_route=\/wp\/v2\/pages\/13\/revisions\/996"}],"wp:attachment":[{"href":"https:\/\/spielundactionev.de\/index.php?rest_route=%2Fwp%2Fv2%2Fmedia&parent=13"}],"curies":[{"name":"wp","href":"https:\/\/api.w.org\/{rel}","templated":true}]}}