{"id":188,"date":"2022-01-11T11:56:07","date_gmt":"2022-01-11T10:56:07","guid":{"rendered":"https:\/\/spielundactionev.de\/?page_id=188"},"modified":"2022-01-16T16:01:17","modified_gmt":"2022-01-16T15:01:17","slug":"netzwerke-und-digitale-angebote","status":"publish","type":"page","link":"https:\/\/spielundactionev.de\/?page_id=188","title":{"rendered":"Digitale Angebote"},"content":{"rendered":"<p><strong>K\u00e4seglocke 2.0 &#8211; Digital unterwegs<\/strong><\/p>\n<p>Wir sind in den verschiedensten Bereichen digital unterwegs. Hier nur eine kleine \u00dcbersicht. Folgen Sie den Links, um mehr zu erfahren:&nbsp;<\/p>\n<p><a href=\"https:\/\/spielundactionev.de\/?page_id=191\"><img loading=\"lazy\" decoding=\"async\" class=\"size-medium wp-image-241 alignleft\" src=\"https:\/\/spielundactionev.de\/wp-content\/uploads\/2022\/01\/discord-300x224.png\" alt=\"\" width=\"300\" height=\"224\" srcset=\"https:\/\/spielundactionev.de\/wp-content\/uploads\/2022\/01\/discord-300x224.png 300w, https:\/\/spielundactionev.de\/wp-content\/uploads\/2022\/01\/discord.png 500w\" sizes=\"auto, (max-width: 300px) 100vw, 300px\" \/>F\u00fcr Kinder und Jugendliche:<\/a><br \/>\nWir haben in der Zeit w\u00e4hrend der Pandemie zwei Discordserver f\u00fcr Kinder und Jugendliche aufgebaut und betreut. Auch nach der Pandemie sollen beide Server weiter Bestand haben.&nbsp;<br \/>\nDes weiteren haben wir auch drei Spieleserver. Zwei in Minecraft und einen in Ark, die auch \u00fcber die Pandemie Bestand haben sollen.&nbsp;<br \/>\nLesen Sie <a href=\"https:\/\/spielundactionev.de\/?page_id=191\">hier<\/a> mehr \u00fcber unsere digitalen Angebote f\u00fcr Kinder und Jugendliche&#8230;<\/p>\n<p><a href=\"https:\/\/spielundactionev.de\/?page_id=204\"><img loading=\"lazy\" decoding=\"async\" class=\" wp-image-242 alignright\" src=\"https:\/\/spielundactionev.de\/wp-content\/uploads\/2022\/01\/logo2-300x123.png\" alt=\"\" width=\"356\" height=\"146\" srcset=\"https:\/\/spielundactionev.de\/wp-content\/uploads\/2022\/01\/logo2-300x123.png 300w, https:\/\/spielundactionev.de\/wp-content\/uploads\/2022\/01\/logo2-1024x418.png 1024w, https:\/\/spielundactionev.de\/wp-content\/uploads\/2022\/01\/logo2-768x314.png 768w, https:\/\/spielundactionev.de\/wp-content\/uploads\/2022\/01\/logo2.png 1136w\" sizes=\"auto, (max-width: 356px) 100vw, 356px\" \/>F\u00fcr Eltern:&nbsp;<\/a><br \/>\nWir haben in der Zeit der Pandemie, finanziert \u00fcber Mittel des Verbunds Lankwitz vom Bezirksamt Steglitz-Zehlendorf, einen Discordserver f\u00fcr Eltern mit dem Titel &#8222;Infos und Plauschen f\u00fcr Eltern&#8220; aufgebaut. Es ist eine Plattform, wo Eltern sich austauschen k\u00f6nnen und verschiedenste Themen diskutiert werden. Auch dieser Server soll \u00fcber die Pandemie hinaus Bestand haben.&nbsp; Wenn Sie mehr dar\u00fcber wissen m\u00f6chten, schauen Sie <a href=\"https:\/\/spielundactionev.de\/?page_id=204\">hier<\/a>&#8230;<\/p>\n<p><a href=\"https:\/\/spielundactionev.de\/?page_id=149\"><img loading=\"lazy\" decoding=\"async\" class=\"size-medium wp-image-243 alignleft\" src=\"https:\/\/spielundactionev.de\/wp-content\/uploads\/2022\/01\/gemeinsam-300x300.png\" alt=\"\" width=\"300\" height=\"300\" srcset=\"https:\/\/spielundactionev.de\/wp-content\/uploads\/2022\/01\/gemeinsam-300x300.png 300w, https:\/\/spielundactionev.de\/wp-content\/uploads\/2022\/01\/gemeinsam-150x150.png 150w, https:\/\/spielundactionev.de\/wp-content\/uploads\/2022\/01\/gemeinsam-100x100.png 100w, https:\/\/spielundactionev.de\/wp-content\/uploads\/2022\/01\/gemeinsam.png 512w\" sizes=\"auto, (max-width: 300px) 100vw, 300px\" \/>Soziale Netzwerke:<\/a><br \/>\nIn einer Zeit, wo ein Teil des Lebens in der digitalen Welt stattfindet, ist es auch wichtig f\u00fcr uns, in den Sozialen Netzwerken pr\u00e4sent zu sein. Wir haben <a href=\"https:\/\/spielundactionev.de\/?page_id=149\">hier<\/a> eine kleine \u00dcbersicht zusammengestellt, wo Sie uns finden k\u00f6nnen, um \u00fcber aktuelle Geschehen unseres Alltags zu begleiten.&nbsp;<\/p>\n<p>&nbsp;<\/p>\n","protected":false},"excerpt":{"rendered":"<p>K\u00e4seglocke 2.0 &#8211; Digital unterwegs Wir sind in den verschiedensten Bereichen digital unterwegs. Hier nur eine kleine \u00dcbersicht. Folgen Sie den Links, um mehr zu erfahren:&nbsp; F\u00fcr Kinder und Jugendliche: Wir haben in der Zeit w\u00e4hrend der Pandemie zwei Discordserver f\u00fcr Kinder und Jugendliche aufgebaut und betreut. Auch nach der Pandemie sollen beide Server weiter &hellip; <\/p>\n<p class=\"link-more\"><a href=\"https:\/\/spielundactionev.de\/?page_id=188\" class=\"more-link\"><span class=\"screen-reader-text\">\u201eDigitale Angebote\u201c <\/span>weiterlesen<\/a><\/p>\n","protected":false},"author":2,"featured_media":0,"parent":0,"menu_order":0,"comment_status":"closed","ping_status":"closed","template":"","meta":{"ngg_post_thumbnail":0,"footnotes":""},"class_list":["post-188","page","type-page","status-publish","hentry"],"_links":{"self":[{"href":"https:\/\/spielundactionev.de\/index.php?rest_route=\/wp\/v2\/pages\/188","targetHints":{"allow":["GET"]}}],"collection":[{"href":"https:\/\/spielundactionev.de\/index.php?rest_route=\/wp\/v2\/pages"}],"about":[{"href":"https:\/\/spielundactionev.de\/index.php?rest_route=\/wp\/v2\/types\/page"}],"author":[{"embeddable":true,"href":"https:\/\/spielundactionev.de\/index.php?rest_route=\/wp\/v2\/users\/2"}],"replies":[{"embeddable":true,"href":"https:\/\/spielundactionev.de\/index.php?rest_route=%2Fwp%2Fv2%2Fcomments&post=188"}],"version-history":[{"count":9,"href":"https:\/\/spielundactionev.de\/index.php?rest_route=\/wp\/v2\/pages\/188\/revisions"}],"predecessor-version":[{"id":595,"href":"https:\/\/spielundactionev.de\/index.php?rest_route=\/wp\/v2\/pages\/188\/revisions\/595"}],"wp:attachment":[{"href":"https:\/\/spielundactionev.de\/index.php?rest_route=%2Fwp%2Fv2%2Fmedia&parent=188"}],"curies":[{"name":"wp","href":"https:\/\/api.w.org\/{rel}","templated":true}]}}