{"id":191,"date":"2022-01-11T11:56:31","date_gmt":"2022-01-11T10:56:31","guid":{"rendered":"https:\/\/spielundactionev.de\/?page_id=191"},"modified":"2022-01-20T11:20:16","modified_gmt":"2022-01-20T10:20:16","slug":"angebote-fuer-eltern","status":"publish","type":"page","link":"https:\/\/spielundactionev.de\/?page_id=191","title":{"rendered":"Angebote f\u00fcr Kinder, Jugendliche und junge Erwachsene"},"content":{"rendered":"<p><strong>Wir f\u00fcr euch im WWW<\/strong><\/p>\n<p><img loading=\"lazy\" decoding=\"async\" class=\" wp-image-241 alignleft\" src=\"https:\/\/spielundactionev.de\/wp-content\/uploads\/2022\/01\/discord-300x224.png\" alt=\"\" width=\"214\" height=\"160\" srcset=\"https:\/\/spielundactionev.de\/wp-content\/uploads\/2022\/01\/discord-300x224.png 300w, https:\/\/spielundactionev.de\/wp-content\/uploads\/2022\/01\/discord.png 500w\" sizes=\"auto, (max-width: 214px) 100vw, 214px\" \/>Die digitale Welt ist ein Teil der Lebenswelt der Kinder und Jugendlichen. Das muss uns nicht gefallen, aber wir m\u00fcssen es akzeptieren. Diese digitale Welt ist ebenso, wie die analoge Lebenswelt nicht frei von Gefahren. Aus diesem Grund haben wir Inseln geschaffen, wo die Kinder und Jugendlichen sich sicher miteinander vernetzen k\u00f6nnen, neue Kontakte kn\u00fcpfen und einfach miteinander Zeit verbringen. Speziell in der Pandemie war ein solches Angebot so wichtig, wie sonst nichts, aber auch dar\u00fcber hinaus, sollen die digitalen Angebot, auch auf Wunsch der Kinder, Jugendlichen und junge Erwachsenen, Bestand haben. Wir haben folgende digitalen Angebote f\u00fcr Kinder, Jugendliche und junge Erwachsene geschaffen:<\/p>\n<p>K\u00e4seglocke 2.0:<br \/>\nEin Discordserver f\u00fcr die Besucher*innen des <a href=\"https:\/\/spielundactionev.de\/?page_id=43\">Kinder-, Jugend- und Familientreff K\u00e4seglocke<\/a>. Dieser Server ist exklusiv f\u00fcr die Kinder und Jugendlichen, die wir pers\u00f6nlich kennen und teilweise schon viele Jahre begleiten.&nbsp;<\/p>\n<p><img loading=\"lazy\" decoding=\"async\" class=\" wp-image-263 alignright\" style=\"font-size: 1rem;\" src=\"https:\/\/spielundactionev.de\/wp-content\/uploads\/2022\/01\/maenchenundeinhorn-242x300.png\" alt=\"\" width=\"184\" height=\"228\" srcset=\"https:\/\/spielundactionev.de\/wp-content\/uploads\/2022\/01\/maenchenundeinhorn-242x300.png 242w, https:\/\/spielundactionev.de\/wp-content\/uploads\/2022\/01\/maenchenundeinhorn-825x1024.png 825w, https:\/\/spielundactionev.de\/wp-content\/uploads\/2022\/01\/maenchenundeinhorn-768x954.png 768w, https:\/\/spielundactionev.de\/wp-content\/uploads\/2022\/01\/maenchenundeinhorn-1237x1536.png 1237w, https:\/\/spielundactionev.de\/wp-content\/uploads\/2022\/01\/maenchenundeinhorn-1649x2048.png 1649w\" sizes=\"auto, (max-width: 184px) 100vw, 184px\" \/>MovingYouth-MySZ:<br \/>\nEin Discordserver f\u00fcr Jugendliche und junge Erwachsene. Gemeinsam mit dem Projekt <a href=\"https:\/\/www.jugendhilfeverein.de\/mysz\/\" target=\"_blank\" rel=\"noopener\">MovingYouth-MySZ<\/a> vom <a href=\"https:\/\/www.jugendhilfeverein.de\/\" target=\"_blank\" rel=\"noopener\">Evangelischen Jugendhilfeverein e.V.<\/a> haben wir ein virtuelles Jugendfreizeitheim entwickelt und betreut. Es gibt unterschiedlichen Projekte und Events, auch mit anderen Jugendeinrichtungen zusammen.&nbsp;&nbsp;<\/p>\n<p>Hier ein Link zu unserem digitalen Jugendfreizeitheim <a href=\"https:\/\/discord.gg\/KXhY84vp2a\" target=\"_blank\" rel=\"noopener\">MovingYouth-MySZ<\/a> (dieser Link f\u00fchrt auf den Server bei Discord)&nbsp; &#8211; HINWEIS!!!<br \/>\nDieser Server ist f\u00fcr Jugendliche und junge Erwachsene &#8211; nicht f\u00fcr Eltern und Erwachsene!!! F\u00fcr Erwachsene haben wir einen Server f\u00fcr Eltern eingerichtet. Lesen Sie dar\u00fcber hier mehr: <a href=\"https:\/\/spielundactionev.de\/?page_id=204\">Angebote f\u00fcr Eltern<\/a><\/p>\n<p>&nbsp;<\/p>\n<p><strong>Spieleserver in Minecraft und ARK &#8211; Survival evolved:<\/strong><br \/>\nSpieleserver gibt es eine Menge. Es geht darum, mit anderen zusammen in einer Welt miteinander oder auch gegeneinander zu spielen. Nun ist es so, das, wenn man mit Fremden zusammen spielt, passiert es hin und wieder, dass einem Sachen kaputt gemacht werden oder Schlimmeres. Aus diesem Grund war ein Wunsch der Jugendlichen, ob es m\u00f6glich ist, einen eigenen Server zu machen, auf dem im sicheren Raum gemeinsam gespielt werden kann. Und das machen wir gerne. Wir haben aktuell zwei Minecraftserver: eine Survivalwelt, wo es um das &#8222;\u00dcberleben&#8220;, Ressourcen farmen und mehr geht und eine Kreativwelt,&nbsp; wo wir einen Vergn\u00fcgungspark oder Rummel bauen. In ARK Suvival Evolved ist es eine normale ARK Welt voller Dinosaurier und Technik, wo es darum geht, in der Welt zu bestehen, ohne \u00fcberfallen zu werden.&nbsp;<\/p>\n<p><img loading=\"lazy\" decoding=\"async\" class=\"size-medium wp-image-261 aligncenter\" src=\"https:\/\/spielundactionev.de\/wp-content\/uploads\/2022\/01\/landschaft-271x300.png\" alt=\"\" width=\"271\" height=\"300\" srcset=\"https:\/\/spielundactionev.de\/wp-content\/uploads\/2022\/01\/landschaft-271x300.png 271w, https:\/\/spielundactionev.de\/wp-content\/uploads\/2022\/01\/landschaft-768x850.png 768w, https:\/\/spielundactionev.de\/wp-content\/uploads\/2022\/01\/landschaft.png 773w\" sizes=\"auto, (max-width: 271px) 100vw, 271px\" \/><\/p>\n<p>Neben den Servern geht es in der Hauptsache darum, gemeinsam Zeit miteinander zu verbringen, Spa\u00df bei kleineren und gr\u00f6\u00dferen Projekten und Aktionen zu haben, neue Menschen kennenzulernen und gemeinsam etwas auf den Weg zu bringen. Es sind kleine Inseln in der gro\u00dfen digitalen Welt.&nbsp;<\/p>\n<p>Und der gro\u00dfe Vorteil in unserer digitalen K\u00e4seglocke 2.0 =&gt; wir sind fast 24 Stunden am Tag f\u00fcr 7 Tagen in der Woche f\u00fcr Notf\u00e4lle Ansprechpartner &#8211; speziell auch am Wochenende oder an Feiertagen.<\/p>\n<p>&nbsp;<\/p>\n","protected":false},"excerpt":{"rendered":"<p>Wir f\u00fcr euch im WWW Die digitale Welt ist ein Teil der Lebenswelt der Kinder und Jugendlichen. Das muss uns nicht gefallen, aber wir m\u00fcssen es akzeptieren. Diese digitale Welt ist ebenso, wie die analoge Lebenswelt nicht frei von Gefahren. Aus diesem Grund haben wir Inseln geschaffen, wo die Kinder und Jugendlichen sich sicher miteinander &hellip; <\/p>\n<p class=\"link-more\"><a href=\"https:\/\/spielundactionev.de\/?page_id=191\" class=\"more-link\"><span class=\"screen-reader-text\">\u201eAngebote f\u00fcr Kinder, Jugendliche und junge Erwachsene\u201c <\/span>weiterlesen<\/a><\/p>\n","protected":false},"author":2,"featured_media":0,"parent":188,"menu_order":0,"comment_status":"closed","ping_status":"closed","template":"","meta":{"ngg_post_thumbnail":0,"footnotes":""},"class_list":["post-191","page","type-page","status-publish","hentry"],"_links":{"self":[{"href":"https:\/\/spielundactionev.de\/index.php?rest_route=\/wp\/v2\/pages\/191","targetHints":{"allow":["GET"]}}],"collection":[{"href":"https:\/\/spielundactionev.de\/index.php?rest_route=\/wp\/v2\/pages"}],"about":[{"href":"https:\/\/spielundactionev.de\/index.php?rest_route=\/wp\/v2\/types\/page"}],"author":[{"embeddable":true,"href":"https:\/\/spielundactionev.de\/index.php?rest_route=\/wp\/v2\/users\/2"}],"replies":[{"embeddable":true,"href":"https:\/\/spielundactionev.de\/index.php?rest_route=%2Fwp%2Fv2%2Fcomments&post=191"}],"version-history":[{"count":16,"href":"https:\/\/spielundactionev.de\/index.php?rest_route=\/wp\/v2\/pages\/191\/revisions"}],"predecessor-version":[{"id":666,"href":"https:\/\/spielundactionev.de\/index.php?rest_route=\/wp\/v2\/pages\/191\/revisions\/666"}],"up":[{"embeddable":true,"href":"https:\/\/spielundactionev.de\/index.php?rest_route=\/wp\/v2\/pages\/188"}],"wp:attachment":[{"href":"https:\/\/spielundactionev.de\/index.php?rest_route=%2Fwp%2Fv2%2Fmedia&parent=191"}],"curies":[{"name":"wp","href":"https:\/\/api.w.org\/{rel}","templated":true}]}}