{"id":207,"date":"2022-01-11T12:08:36","date_gmt":"2022-01-11T11:08:36","guid":{"rendered":"https:\/\/spielundactionev.de\/?page_id=207"},"modified":"2022-01-12T22:06:51","modified_gmt":"2022-01-12T21:06:51","slug":"geschichte-der-kaeseglocke","status":"publish","type":"page","link":"https:\/\/spielundactionev.de\/?page_id=207","title":{"rendered":"Geschichte der K\u00e4seglocke"},"content":{"rendered":"<p>Geschichte der K\u00e4seglocke<\/p>\n<p><img loading=\"lazy\" decoding=\"async\" class=\"size-medium wp-image-366 alignright\" src=\"https:\/\/spielundactionev.de\/wp-content\/uploads\/2022\/01\/geschichte-255x300.png\" alt=\"\" width=\"255\" height=\"300\" srcset=\"https:\/\/spielundactionev.de\/wp-content\/uploads\/2022\/01\/geschichte-255x300.png 255w, https:\/\/spielundactionev.de\/wp-content\/uploads\/2022\/01\/geschichte.png 484w\" sizes=\"auto, (max-width: 255px) 100vw, 255px\" \/>Das architektonisch interessante Geb\u00e4ude am Bernkastler Platz in Lankwitz wurde 1913\/14 von dem Architekten und ersten Baustadtrat von Steglitz &#8211; Fritz Freym\u00fcller erbaut, der unter anderem auch das Kriegerdenkmal im Gemeindepark und das Lilienthaldenkmal in Lichterfelde entworfen und gebaut hat. Die K\u00e4seglocke liegt im sogenannten &#8222;Weinviertel&#8220;, da viele Stra\u00dfen nach bekannten Weinst\u00e4dten benannt wurden. In unserem Fall gab die <a href=\"http:\/\/www.bernkastel.de\/\">Stadt Bernkastel<\/a>&nbsp;den Namen f\u00fcr unseren Platz.<\/p>\n<p>Wer sich die K\u00e4seglocke genauer anschaut, sieht vom Park aus, mittig \u00fcber dem Eingang, einen Frauenkopf und rechts und links \u00fcber den Fenstern zwei Kinderk\u00f6pfe. Diese Figuren waren die Familie des Baumeisters, der die Glocke dann praktisch gebaut hat. Wir hatten vor Jahren die Ehre, die Dame kennenzulernen, die in ihrer Kindheit Modell f\u00fcr einen der K\u00f6pfe stand.<\/p>\n<p><img loading=\"lazy\" decoding=\"async\" class=\"size-medium wp-image-382 alignleft\" src=\"https:\/\/spielundactionev.de\/wp-content\/uploads\/2022\/01\/Glocke-kurz-nach-Bau-300x178.gif\" alt=\"\" width=\"300\" height=\"178\" srcset=\"https:\/\/spielundactionev.de\/wp-content\/uploads\/2022\/01\/Glocke-kurz-nach-Bau-300x178.gif 300w, https:\/\/spielundactionev.de\/wp-content\/uploads\/2022\/01\/Glocke-kurz-nach-Bau-768x455.gif 768w\" sizes=\"auto, (max-width: 300px) 100vw, 300px\" \/><\/p>\n<p>Die K\u00e4seglocke hat zwar \u00e4u\u00dferlich den Anblick eines kleinen Schlosses oder hochherrschaftlichen Familienbesitzes, war aber von Anfang an ein Parkwohnhaus, mit insgesamt sechs Wohnungen. Fr\u00fcher gab es eine Durchfahrt im Erdgescho\u00df, sodass man direkt von der Stra\u00dfe einen wundersch\u00f6nen Blick in die Weitl\u00e4ufigkeit des Parks hatte.<\/p>\n<p>In der Nacht vom 23. auf den 24. August 1943 wurde Lankwitz bombardiert. Es gab einen Gro\u00dfbrand, bei dem ein Gro\u00dfteil von Lankwitz komplett zerst\u00f6rt wurde. Unter anderem alle Wohnh\u00e4user in der Umgebung der K\u00e4seglocke und das Rathaus gegen\u00fcber.<\/p>\n<p><img loading=\"lazy\" decoding=\"async\" class=\"size-medium wp-image-383 alignright\" src=\"https:\/\/spielundactionev.de\/wp-content\/uploads\/2022\/01\/Glocke-vom-Brunnen-aus-1988-300x226.gif\" alt=\"\" width=\"300\" height=\"226\" srcset=\"https:\/\/spielundactionev.de\/wp-content\/uploads\/2022\/01\/Glocke-vom-Brunnen-aus-1988-300x226.gif 300w, https:\/\/spielundactionev.de\/wp-content\/uploads\/2022\/01\/Glocke-vom-Brunnen-aus-1988-1024x772.gif 1024w, https:\/\/spielundactionev.de\/wp-content\/uploads\/2022\/01\/Glocke-vom-Brunnen-aus-1988-768x579.gif 768w\" sizes=\"auto, (max-width: 300px) 100vw, 300px\" \/><\/p>\n<p>Die K\u00e4seglocke selber verlor gl\u00fccklicherweise nur die oberste Kuppel des Daches, was sie ihren engagierten Bewohnern verdankte. Die K\u00e4seglocke hatte &#8211; der Kuppel wegen &#8211; zwei Dachst\u00fchle. Als die Brandbombe ins Dach einschlug, konnten die Bewohner mutig vom unteren Dachstuhl aus l\u00f6schen!<\/p>\n<p>Nach dem Krieg war die K\u00e4seglocke Wohnhaus f\u00fcr Lehrer des Beethoven Gymnasiums, bis sie 1958 zum Jugendfreizeitheim Theodor Fontane des Bezirkes Steglitz umgebaut wurde.&nbsp;<\/p>\n<p><img loading=\"lazy\" decoding=\"async\" class=\" wp-image-385 aligncenter\" src=\"https:\/\/spielundactionev.de\/wp-content\/uploads\/2022\/01\/sangross-300x265.jpg\" alt=\"\" width=\"435\" height=\"384\" srcset=\"https:\/\/spielundactionev.de\/wp-content\/uploads\/2022\/01\/sangross-300x265.jpg 300w, https:\/\/spielundactionev.de\/wp-content\/uploads\/2022\/01\/sangross.jpg 600w\" sizes=\"auto, (max-width: 435px) 100vw, 435px\" \/><\/p>\n<p>Im Zuge der Vorbereitungen der 750 Jahrfeier von Lankwitz wurde die Parkanlage neu gestaltet.<\/p>\n<p><img loading=\"lazy\" decoding=\"async\" class=\"wp-image-384 alignleft\" src=\"https:\/\/spielundactionev.de\/wp-content\/uploads\/2022\/01\/injfh-229x300.jpg\" alt=\"\" width=\"271\" height=\"355\" srcset=\"https:\/\/spielundactionev.de\/wp-content\/uploads\/2022\/01\/injfh-229x300.jpg 229w, https:\/\/spielundactionev.de\/wp-content\/uploads\/2022\/01\/injfh-780x1024.jpg 780w, https:\/\/spielundactionev.de\/wp-content\/uploads\/2022\/01\/injfh-768x1008.jpg 768w, https:\/\/spielundactionev.de\/wp-content\/uploads\/2022\/01\/injfh.jpg 890w\" sizes=\"auto, (max-width: 271px) 100vw, 271px\" \/><\/p>\n<p>Damals gab es eine aktive Musikarbeit mit Blockfl\u00f6te, Singkreis und Klavier. So zogen die Jahre ins Land, die Mitarbeiter wechselten, die Angebote mit ihnen.<\/p>\n<p>Mitte\/Ende der 90er Jahre wurde die K\u00e4seglocke \u00fcberwiegend von bosnischen Jugendlichen besucht, die aufgrund des Krieges in einem benachbarten Fl\u00fcchtlingsheim wohnten.<\/p>\n<p>Das war ungef\u00e4hr die Zeit, in der unser Verein erstmals mit der K\u00e4seglocke zusammenarbeitete. Nachdem die Fl\u00fcchtlinge nach Kriegsende wieder in ihre Heimat konnten, bestand nun wieder die Aufgabe andere Besucher in die Einrichtung zu ziehen.<\/p>\n<p>Kurz danach wurden die Mitarbeiter des Bezirksamtes immer weniger und unser Verein bekam am 01.06.2004 einen Kooperationsvertrag f\u00fcr die K\u00e4seglocke und damit auch die Leitung.&nbsp;<\/p>\n","protected":false},"excerpt":{"rendered":"<p>Geschichte der K\u00e4seglocke Das architektonisch interessante Geb\u00e4ude am Bernkastler Platz in Lankwitz wurde 1913\/14 von dem Architekten und ersten Baustadtrat von Steglitz &#8211; Fritz Freym\u00fcller erbaut, der unter anderem auch das Kriegerdenkmal im Gemeindepark und das Lilienthaldenkmal in Lichterfelde entworfen und gebaut hat. Die K\u00e4seglocke liegt im sogenannten &#8222;Weinviertel&#8220;, da viele Stra\u00dfen nach bekannten Weinst\u00e4dten &hellip; <\/p>\n<p class=\"link-more\"><a href=\"https:\/\/spielundactionev.de\/?page_id=207\" class=\"more-link\"><span class=\"screen-reader-text\">\u201eGeschichte der K\u00e4seglocke\u201c <\/span>weiterlesen<\/a><\/p>\n","protected":false},"author":2,"featured_media":0,"parent":34,"menu_order":0,"comment_status":"closed","ping_status":"closed","template":"","meta":{"ngg_post_thumbnail":0,"footnotes":""},"class_list":["post-207","page","type-page","status-publish","hentry"],"_links":{"self":[{"href":"https:\/\/spielundactionev.de\/index.php?rest_route=\/wp\/v2\/pages\/207","targetHints":{"allow":["GET"]}}],"collection":[{"href":"https:\/\/spielundactionev.de\/index.php?rest_route=\/wp\/v2\/pages"}],"about":[{"href":"https:\/\/spielundactionev.de\/index.php?rest_route=\/wp\/v2\/types\/page"}],"author":[{"embeddable":true,"href":"https:\/\/spielundactionev.de\/index.php?rest_route=\/wp\/v2\/users\/2"}],"replies":[{"embeddable":true,"href":"https:\/\/spielundactionev.de\/index.php?rest_route=%2Fwp%2Fv2%2Fcomments&post=207"}],"version-history":[{"count":8,"href":"https:\/\/spielundactionev.de\/index.php?rest_route=\/wp\/v2\/pages\/207\/revisions"}],"predecessor-version":[{"id":387,"href":"https:\/\/spielundactionev.de\/index.php?rest_route=\/wp\/v2\/pages\/207\/revisions\/387"}],"up":[{"embeddable":true,"href":"https:\/\/spielundactionev.de\/index.php?rest_route=\/wp\/v2\/pages\/34"}],"wp:attachment":[{"href":"https:\/\/spielundactionev.de\/index.php?rest_route=%2Fwp%2Fv2%2Fmedia&parent=207"}],"curies":[{"name":"wp","href":"https:\/\/api.w.org\/{rel}","templated":true}]}}