{"id":236,"date":"2022-01-11T14:00:05","date_gmt":"2022-01-11T13:00:05","guid":{"rendered":"https:\/\/spielundactionev.de\/?page_id=236"},"modified":"2023-04-12T14:06:55","modified_gmt":"2023-04-12T12:06:55","slug":"suppenkueche-fuer-kids","status":"publish","type":"page","link":"https:\/\/spielundactionev.de\/?page_id=236","title":{"rendered":"Suppenk\u00fcche f\u00fcr Kids"},"content":{"rendered":"<p><strong>Gesund und gl\u00fccklich<\/strong><\/p>\n<p>Eine wichtige Grundlage f\u00fcr eine gl\u00fcckliche, zufriedene Kindheit mit viel Lust auf das Leben bildet eine ausgewogene gesunde Ern\u00e4hrung!<em><strong><br \/>\n<\/strong><\/em><\/p>\n<p>Leider ist das bei vielen Kindern nicht gegeben.<\/p>\n<p>Die Gr\u00fcnde sind vielf\u00e4ltig: z.B. fehlende finanzielle M\u00f6glichkeiten, fehlende Kenntnisse in gesunder Ern\u00e4hrung und preiswertem Einkauf, Zeitmangel durch Berufst\u00e4tigkeit vorwiegend Alleinerziehender, Kinder und Jugendliche, die einfach tags\u00fcber nicht nach Hause gehen&#8230;.<\/p>\n<p><img loading=\"lazy\" decoding=\"async\" class=\"wp-image-309 alignright\" src=\"https:\/\/spielundactionev.de\/wp-content\/uploads\/2022\/01\/suppenk-300x233.png\" alt=\"\" width=\"345\" height=\"268\" srcset=\"https:\/\/spielundactionev.de\/wp-content\/uploads\/2022\/01\/suppenk-300x233.png 300w, https:\/\/spielundactionev.de\/wp-content\/uploads\/2022\/01\/suppenk-768x596.png 768w, https:\/\/spielundactionev.de\/wp-content\/uploads\/2022\/01\/suppenk.png 1000w\" sizes=\"auto, (max-width: 345px) 100vw, 345px\" \/><\/p>\n<p>Uns interessieren die Gr\u00fcnde nicht, wir geben allen Kindern und Jugendlichen die M\u00f6glichkeit, sich den ganzen Tag \u00fcber gesund und abwechslungsreich zu ern\u00e4hren. Praktisch sieht das so aus, dass t\u00e4glich, w\u00e4hrend unserer gesamten \u00d6ffnungszeit, kleine Snacks in Form von Obst, Gem\u00fcse, Knabbereien auf dem Tresen stehen&#8230;, gegen 15.00 Uhr gibt es ein warmes Mittagessen f\u00fcr Kinder und Jugendliche und bis zum Feierabend werden dann im Caf\u00e9 auf dem Tresen belegte Brote, Obst, Gem\u00fcse, Snacks aller Art angeboten!&nbsp;<\/p>\n<p>Das Angebot ist vollkommen kostenlos f\u00fcr die Kinder und Jugendlichen.<\/p>\n<p>Wir sind keine Suppenk\u00fcche f\u00fcr Erwachsene! Danke!<\/p>\n<p>Wir werden einmal w\u00f6chentlich von der Berliner Tafel beliefert und freuen uns auch \u00fcber Lebensmittelspenden.<\/p>\n","protected":false},"excerpt":{"rendered":"<p>Gesund und gl\u00fccklich Eine wichtige Grundlage f\u00fcr eine gl\u00fcckliche, zufriedene Kindheit mit viel Lust auf das Leben bildet eine ausgewogene gesunde Ern\u00e4hrung! Leider ist das bei vielen Kindern nicht gegeben. Die Gr\u00fcnde sind vielf\u00e4ltig: z.B. fehlende finanzielle M\u00f6glichkeiten, fehlende Kenntnisse in gesunder Ern\u00e4hrung und preiswertem Einkauf, Zeitmangel durch Berufst\u00e4tigkeit vorwiegend Alleinerziehender, Kinder und Jugendliche, die &hellip; <\/p>\n<p class=\"link-more\"><a href=\"https:\/\/spielundactionev.de\/?page_id=236\" class=\"more-link\"><span class=\"screen-reader-text\">\u201eSuppenk\u00fcche f\u00fcr Kids\u201c <\/span>weiterlesen<\/a><\/p>\n","protected":false},"author":2,"featured_media":0,"parent":0,"menu_order":0,"comment_status":"closed","ping_status":"closed","template":"","meta":{"ngg_post_thumbnail":0,"footnotes":""},"class_list":["post-236","page","type-page","status-publish","hentry"],"_links":{"self":[{"href":"https:\/\/spielundactionev.de\/index.php?rest_route=\/wp\/v2\/pages\/236","targetHints":{"allow":["GET"]}}],"collection":[{"href":"https:\/\/spielundactionev.de\/index.php?rest_route=\/wp\/v2\/pages"}],"about":[{"href":"https:\/\/spielundactionev.de\/index.php?rest_route=\/wp\/v2\/types\/page"}],"author":[{"embeddable":true,"href":"https:\/\/spielundactionev.de\/index.php?rest_route=\/wp\/v2\/users\/2"}],"replies":[{"embeddable":true,"href":"https:\/\/spielundactionev.de\/index.php?rest_route=%2Fwp%2Fv2%2Fcomments&post=236"}],"version-history":[{"count":10,"href":"https:\/\/spielundactionev.de\/index.php?rest_route=\/wp\/v2\/pages\/236\/revisions"}],"predecessor-version":[{"id":847,"href":"https:\/\/spielundactionev.de\/index.php?rest_route=\/wp\/v2\/pages\/236\/revisions\/847"}],"wp:attachment":[{"href":"https:\/\/spielundactionev.de\/index.php?rest_route=%2Fwp%2Fv2%2Fmedia&parent=236"}],"curies":[{"name":"wp","href":"https:\/\/api.w.org\/{rel}","templated":true}]}}