{"id":34,"date":"2022-01-10T11:18:51","date_gmt":"2022-01-10T10:18:51","guid":{"rendered":"https:\/\/spielundactionev.de\/?page_id=34"},"modified":"2022-01-16T14:10:35","modified_gmt":"2022-01-16T13:10:35","slug":"ueber-uns","status":"publish","type":"page","link":"https:\/\/spielundactionev.de\/?page_id=34","title":{"rendered":"\u00dcber uns"},"content":{"rendered":"<p><strong>Wir sind der Verein Spiel &amp; Action e.V.&nbsp;<\/strong><\/p>\n<p><img loading=\"lazy\" decoding=\"async\" class=\"wp-image-388 alignleft\" src=\"https:\/\/spielundactionev.de\/wp-content\/uploads\/2022\/01\/hinten-212x300.png\" alt=\"\" width=\"235\" height=\"332\" srcset=\"https:\/\/spielundactionev.de\/wp-content\/uploads\/2022\/01\/hinten-212x300.png 212w, https:\/\/spielundactionev.de\/wp-content\/uploads\/2022\/01\/hinten-723x1024.png 723w, https:\/\/spielundactionev.de\/wp-content\/uploads\/2022\/01\/hinten-768x1088.png 768w, https:\/\/spielundactionev.de\/wp-content\/uploads\/2022\/01\/hinten-1084x1536.png 1084w, https:\/\/spielundactionev.de\/wp-content\/uploads\/2022\/01\/hinten-1446x2048.png 1446w\" sizes=\"auto, (max-width: 235px) 100vw, 235px\" \/>Gegr\u00fcndet haben wir uns 1996 und hatten im Jahr 2021 unser 25j\u00e4hriges Jubil\u00e4um, was wir eigentlich gro\u00df mit euch feiern wollten.&nbsp; Nun denn, in der Pandemie ist alles anders.&nbsp;<\/p>\n<p>Wir haben hier ein paar Seiten zusammengestellt, wo wir unsere Arbeit und Projekte vorstellen:<\/p>\n<ul>\n<li style=\"list-style-type: none;\">\n<ul>\n<li style=\"list-style-type: none;\">\n<ul>\n<li><a href=\"https:\/\/spielundactionev.de\/?page_id=43\">Kinder-, Jugend- und Familientreff K\u00e4seglocke:<\/a><br \/>\nDer Kinder-, Jugend- und Familientreff K\u00e4seglocke stellt sich vor<\/li>\n<\/ul>\n<\/li>\n<li style=\"list-style-type: none;\">&nbsp;\n<ul>\n<li><a href=\"https:\/\/spielundactionev.de\/?page_id=39\">Projekte:<\/a><br \/>\nEine \u00dcbersicht der unterschiedlichsten Projekte und Aktionen, die wir so anbieten und durchf\u00fchren<\/li>\n<\/ul>\n<\/li>\n<li style=\"list-style-type: none;\">&nbsp;\n<ul>\n<li><a href=\"https:\/\/spielundactionev.de\/?page_id=41\">Tr\u00f6del-Basar:<\/a><br \/>\nUnser Tr\u00f6del-Basar stellt sich vor<\/li>\n<\/ul>\n<\/li>\n<li style=\"list-style-type: none;\">&nbsp;\n<ul>\n<li><a href=\"https:\/\/spielundactionev.de\/?page_id=45\">Runder Tisch Lankwitz-S\u00fcdende:<\/a><br \/>\nDer Runde Tisch Lankwitz-S\u00fcdende stellt sich vor<\/li>\n<\/ul>\n<\/li>\n<li style=\"list-style-type: none;\">&nbsp;\n<ul>\n<li><a href=\"https:\/\/spielundactionev.de\/?page_id=404\">Kooperationen und Vernetzung:<\/a><br \/>\nUnsere Kooperationspartner*innen und unsere gemeinsamen Projekte<\/li>\n<\/ul>\n<\/li>\n<\/ul>\n<\/li>\n<\/ul>\n<p><center><\/center><center><br \/>\n<iframe loading=\"lazy\" style=\"border: 0;\" src=\"https:\/\/www.google.com\/maps\/embed?pb=!1m18!1m12!1m3!1d2432.193233868428!2d13.341682915762933!3d52.43941427979904!2m3!1f0!2f0!3f0!3m2!1i1024!2i768!4f13.1!3m3!1m2!1s0x47a85ac73274e2d1%3A0xe5b4428c17eecc12!2sK%C3%A4seglocke%2C%20Kinder-%20Jugend-%20und%20Familientreff!5e0!3m2!1sde!2sde!4v1642262010806!5m2!1sde!2sde\" width=\"600\" height=\"450\" allowfullscreen=\"allowfullscreen\"><\/iframe><br \/>\n&nbsp;<\/center><center><\/center><center><\/center><center><\/center><center><\/center><center><\/center><center><\/center><\/p>\n","protected":false},"excerpt":{"rendered":"<p>Wir sind der Verein Spiel &amp; Action e.V.&nbsp; Gegr\u00fcndet haben wir uns 1996 und hatten im Jahr 2021 unser 25j\u00e4hriges Jubil\u00e4um, was wir eigentlich gro\u00df mit euch feiern wollten.&nbsp; Nun denn, in der Pandemie ist alles anders.&nbsp; Wir haben hier ein paar Seiten zusammengestellt, wo wir unsere Arbeit und Projekte vorstellen: Kinder-, Jugend- und Familientreff &hellip; <\/p>\n<p class=\"link-more\"><a href=\"https:\/\/spielundactionev.de\/?page_id=34\" class=\"more-link\"><span class=\"screen-reader-text\">\u201e\u00dcber uns\u201c <\/span>weiterlesen<\/a><\/p>\n","protected":false},"author":2,"featured_media":0,"parent":0,"menu_order":0,"comment_status":"closed","ping_status":"closed","template":"","meta":{"ngg_post_thumbnail":0,"footnotes":""},"class_list":["post-34","page","type-page","status-publish","hentry"],"_links":{"self":[{"href":"https:\/\/spielundactionev.de\/index.php?rest_route=\/wp\/v2\/pages\/34","targetHints":{"allow":["GET"]}}],"collection":[{"href":"https:\/\/spielundactionev.de\/index.php?rest_route=\/wp\/v2\/pages"}],"about":[{"href":"https:\/\/spielundactionev.de\/index.php?rest_route=\/wp\/v2\/types\/page"}],"author":[{"embeddable":true,"href":"https:\/\/spielundactionev.de\/index.php?rest_route=\/wp\/v2\/users\/2"}],"replies":[{"embeddable":true,"href":"https:\/\/spielundactionev.de\/index.php?rest_route=%2Fwp%2Fv2%2Fcomments&post=34"}],"version-history":[{"count":16,"href":"https:\/\/spielundactionev.de\/index.php?rest_route=\/wp\/v2\/pages\/34\/revisions"}],"predecessor-version":[{"id":565,"href":"https:\/\/spielundactionev.de\/index.php?rest_route=\/wp\/v2\/pages\/34\/revisions\/565"}],"wp:attachment":[{"href":"https:\/\/spielundactionev.de\/index.php?rest_route=%2Fwp%2Fv2%2Fmedia&parent=34"}],"curies":[{"name":"wp","href":"https:\/\/api.w.org\/{rel}","templated":true}]}}