{"id":37,"date":"2022-01-10T11:23:59","date_gmt":"2022-01-10T10:23:59","guid":{"rendered":"https:\/\/spielundactionev.de\/?page_id=37"},"modified":"2023-04-12T14:29:01","modified_gmt":"2023-04-12T12:29:01","slug":"konzept","status":"publish","type":"page","link":"https:\/\/spielundactionev.de\/?page_id=37","title":{"rendered":"Konzept"},"content":{"rendered":"\r\n<p><strong>Unser Konzept in Kurzfassung<\/strong><\/p>\r\n<p>Unser Konzept ist recht einfach. Wir sind offen f\u00fcr vieles. Unsere Angebote sind aktuell f\u00fcr f\u00fcr Kinder, Jugendliche und junge Erwachsene, Beratungen und Hilfen auch f\u00fcr Eltern oder Angeh\u00f6rige oder andere Kontaktpersonen.<\/p>\r\n<p>Unsere Angebote sind f\u00fcr Kinder und Jugendliche komplett kostenlos, auch Essen und Trinken. (Wir sind KEINE Suppenk\u00fcche f\u00fcr Erwachsene)<\/p>\r\n<p>Ein wichtiger Punkt unser Konzeption ist die Beteiligung. Wir beziehen unsere Besucher mit ein, z.B. in die Angebotspalette, die Ausfl\u00fcge, die Hausordnung und alles, was so dazu geh\u00f6rt &#8211; unsere Moderatorin f\u00fcr Beteiligungsprozesse bei Kindern und Jugendlichen unterst\u00fctzt dies fachlich.<\/p>\r\n<p><img loading=\"lazy\" decoding=\"async\" class=\" wp-image-398 aligncenter\" src=\"https:\/\/spielundactionev.de\/wp-content\/uploads\/2022\/01\/gemeinsam-1-300x188.png\" alt=\"\" width=\"424\" height=\"266\" srcset=\"https:\/\/spielundactionev.de\/wp-content\/uploads\/2022\/01\/gemeinsam-1-300x188.png 300w, https:\/\/spielundactionev.de\/wp-content\/uploads\/2022\/01\/gemeinsam-1-1024x642.png 1024w, https:\/\/spielundactionev.de\/wp-content\/uploads\/2022\/01\/gemeinsam-1-768x482.png 768w, https:\/\/spielundactionev.de\/wp-content\/uploads\/2022\/01\/gemeinsam-1.png 1236w\" sizes=\"auto, (max-width: 424px) 100vw, 424px\" \/><\/p>\r\n<p>I<\/p>\r\n<p>&nbsp;<\/p>\r\n<p>&nbsp;<\/p>\r\n","protected":false},"excerpt":{"rendered":"<p>Unser Konzept in Kurzfassung Unser Konzept ist recht einfach. Wir sind offen f\u00fcr vieles. Unsere Angebote sind aktuell f\u00fcr f\u00fcr Kinder, Jugendliche und junge Erwachsene, Beratungen und Hilfen auch f\u00fcr Eltern oder Angeh\u00f6rige oder andere Kontaktpersonen. Unsere Angebote sind f\u00fcr Kinder und Jugendliche komplett kostenlos, auch Essen und Trinken. (Wir sind KEINE Suppenk\u00fcche f\u00fcr Erwachsene) &hellip; <\/p>\n<p class=\"link-more\"><a href=\"https:\/\/spielundactionev.de\/?page_id=37\" class=\"more-link\"><span class=\"screen-reader-text\">\u201eKonzept\u201c <\/span>weiterlesen<\/a><\/p>\n","protected":false},"author":2,"featured_media":0,"parent":34,"menu_order":2,"comment_status":"closed","ping_status":"closed","template":"","meta":{"ngg_post_thumbnail":0,"footnotes":""},"class_list":["post-37","page","type-page","status-publish","hentry"],"_links":{"self":[{"href":"https:\/\/spielundactionev.de\/index.php?rest_route=\/wp\/v2\/pages\/37","targetHints":{"allow":["GET"]}}],"collection":[{"href":"https:\/\/spielundactionev.de\/index.php?rest_route=\/wp\/v2\/pages"}],"about":[{"href":"https:\/\/spielundactionev.de\/index.php?rest_route=\/wp\/v2\/types\/page"}],"author":[{"embeddable":true,"href":"https:\/\/spielundactionev.de\/index.php?rest_route=\/wp\/v2\/users\/2"}],"replies":[{"embeddable":true,"href":"https:\/\/spielundactionev.de\/index.php?rest_route=%2Fwp%2Fv2%2Fcomments&post=37"}],"version-history":[{"count":7,"href":"https:\/\/spielundactionev.de\/index.php?rest_route=\/wp\/v2\/pages\/37\/revisions"}],"predecessor-version":[{"id":851,"href":"https:\/\/spielundactionev.de\/index.php?rest_route=\/wp\/v2\/pages\/37\/revisions\/851"}],"up":[{"embeddable":true,"href":"https:\/\/spielundactionev.de\/index.php?rest_route=\/wp\/v2\/pages\/34"}],"wp:attachment":[{"href":"https:\/\/spielundactionev.de\/index.php?rest_route=%2Fwp%2Fv2%2Fmedia&parent=37"}],"curies":[{"name":"wp","href":"https:\/\/api.w.org\/{rel}","templated":true}]}}