{"id":39,"date":"2022-01-10T12:08:46","date_gmt":"2022-01-10T11:08:46","guid":{"rendered":"https:\/\/spielundactionev.de\/?page_id=39"},"modified":"2022-01-16T14:06:52","modified_gmt":"2022-01-16T13:06:52","slug":"projekte","status":"publish","type":"page","link":"https:\/\/spielundactionev.de\/?page_id=39","title":{"rendered":"Projekte"},"content":{"rendered":"<p><strong>Unterschiedliche Projekte aller Art bereichern unsere Arbeit mit Abwechslung<\/strong><\/p>\n<p><img loading=\"lazy\" decoding=\"async\" class=\"size-medium wp-image-309 alignleft\" src=\"https:\/\/spielundactionev.de\/wp-content\/uploads\/2022\/01\/suppenk-300x233.png\" alt=\"\" width=\"300\" height=\"233\" srcset=\"https:\/\/spielundactionev.de\/wp-content\/uploads\/2022\/01\/suppenk-300x233.png 300w, https:\/\/spielundactionev.de\/wp-content\/uploads\/2022\/01\/suppenk-768x596.png 768w, https:\/\/spielundactionev.de\/wp-content\/uploads\/2022\/01\/suppenk.png 1000w\" sizes=\"auto, (max-width: 300px) 100vw, 300px\" \/><\/p>\n<p>&nbsp;<\/p>\n<ul>\n<li style=\"list-style-type: none;\">\n<ul>\n<li style=\"list-style-type: none;\">\n<ul>\n<li><a href=\"https:\/\/spielundactionev.de\/?page_id=236\">Suppenk\u00fcche f\u00fcr Kids<\/a>:<br \/>\nHier stellen wir die&nbsp; Arbeit unserer Suppenk\u00fcche f\u00fcr Kids vor<\/li>\n<\/ul>\n<\/li>\n<li style=\"list-style-type: none;\">&nbsp;\n<ul>\n<li><a href=\"https:\/\/spielundactionev.de\/?page_id=412\">Spiel, Spa\u00df und Sport<\/a>:<br \/>\nHier stellen wir unsere verschiedenen Projekte und Aktionen in diesem Bereich vor<\/li>\n<\/ul>\n<\/li>\n<li style=\"list-style-type: none;\">&nbsp;\n<ul>\n<li><a href=\"https:\/\/spielundactionev.de\/?page_id=414\">Mitreden und Mitgestalten<\/a>:<br \/>\nBeteiligung und Mitbestimmung ist bei uns nicht nur etwas, was auf dem Papier steht, sondern ein fester Bestandteil unseres Alltags. Wie genau das geht, k\u00f6nnen Sie hier erfahren<\/li>\n<\/ul>\n<\/li>\n<li style=\"list-style-type: none;\">&nbsp;\n<ul>\n<li><a href=\"https:\/\/spielundactionev.de\/?page_id=402\">Lego-Projekte<\/a>:<br \/>\nLego ist vielseitig einsetzbar. So machen wir zum Beispiel Stop-Movie Filme, die wir auf unserem Youtube Kanal ver\u00f6ffentlichen oder bauen und konstruieren wir mit Lego Mindstorm unsere eigenen Roboter.<\/li>\n<\/ul>\n<\/li>\n<li style=\"list-style-type: none;\">&nbsp;\n<ul>\n<li><a href=\"https:\/\/spielundactionev.de\/?page_id=400\">Alkoholparcours &#8211; (Er)kenne Deine Grenzen<\/a>:&nbsp;<br \/>\nWir haben einen interaktiven Parcours mit 8 Stationen entwickelt, rund um das Thema Alkohol. Wir setzen ihn in Schulen und anderen JFE auf Nachfrage ein<\/li>\n<\/ul>\n<\/li>\n<li style=\"list-style-type: none;\"><img loading=\"lazy\" decoding=\"async\" class=\"wp-image-430 aligncenter\" src=\"https:\/\/spielundactionev.de\/wp-content\/uploads\/2022\/01\/bienen-300x108.png\" alt=\"\" width=\"536\" height=\"193\" srcset=\"https:\/\/spielundactionev.de\/wp-content\/uploads\/2022\/01\/bienen-300x108.png 300w, https:\/\/spielundactionev.de\/wp-content\/uploads\/2022\/01\/bienen-768x277.png 768w, https:\/\/spielundactionev.de\/wp-content\/uploads\/2022\/01\/bienen.png 1000w\" sizes=\"auto, (max-width: 536px) 100vw, 536px\" \/>&nbsp;\n<ul>\n<li><a href=\"https:\/\/spielundactionev.de\/?page_id=410\">Natur-Pur<\/a>:<br \/>\nHier k\u00f6nnen Sie mehr \u00fcber unseren Bienen erfahren und auch \u00fcber andere Projekte rund um die Natur<\/li>\n<\/ul>\n<\/li>\n<li style=\"list-style-type: none;\">&nbsp;\n<ul>\n<li><a href=\"https:\/\/spielundactionev.de\/?page_id=419\">Politik geht uns alle an<\/a>:&nbsp;<br \/>\nPolitische Bildung ist auch in aller Munde und ein viel benutztes Wort. Wir wollen hier aufzeigen, wie wir das machen, das die Kinder und Jugendlichen Lust bekommen, sich f\u00fcr Politik zu interessieren.<\/li>\n<\/ul>\n<\/li>\n<\/ul>\n<\/li>\n<\/ul>\n<p>Selbstverst\u00e4ndlich gibt es in unserem Alltag noch eine Menge mehr Sachen mehr, die wir machen, aber wir wollten uns hier auf unsere Kernpunkte beschr\u00e4nken.<\/p>\n<p>&nbsp;<\/p>\n<p><center><br \/>\n<iframe loading=\"lazy\" style=\"border: 0;\" src=\"https:\/\/www.google.com\/maps\/embed?pb=!1m18!1m12!1m3!1d2432.193233868428!2d13.341682915762933!3d52.43941427979904!2m3!1f0!2f0!3f0!3m2!1i1024!2i768!4f13.1!3m3!1m2!1s0x47a85ac73274e2d1%3A0xe5b4428c17eecc12!2sK%C3%A4seglocke%2C%20Kinder-%20Jugend-%20und%20Familientreff!5e0!3m2!1sde!2sde!4v1642262010806!5m2!1sde!2sde\" width=\"600\" height=\"450\" allowfullscreen=\"allowfullscreen\"><\/iframe><br \/>\n&nbsp;<\/center><br \/>\n&nbsp;<\/p>\n<p>&nbsp;<\/p>\n<p>&nbsp;<\/p>\n","protected":false},"excerpt":{"rendered":"<p>Unterschiedliche Projekte aller Art bereichern unsere Arbeit mit Abwechslung &nbsp; Suppenk\u00fcche f\u00fcr Kids: Hier stellen wir die&nbsp; Arbeit unserer Suppenk\u00fcche f\u00fcr Kids vor &nbsp; Spiel, Spa\u00df und Sport: Hier stellen wir unsere verschiedenen Projekte und Aktionen in diesem Bereich vor &nbsp; Mitreden und Mitgestalten: Beteiligung und Mitbestimmung ist bei uns nicht nur etwas, was auf &hellip; <\/p>\n<p class=\"link-more\"><a href=\"https:\/\/spielundactionev.de\/?page_id=39\" class=\"more-link\"><span class=\"screen-reader-text\">\u201eProjekte\u201c <\/span>weiterlesen<\/a><\/p>\n","protected":false},"author":2,"featured_media":0,"parent":34,"menu_order":3,"comment_status":"closed","ping_status":"closed","template":"","meta":{"ngg_post_thumbnail":0,"footnotes":""},"class_list":["post-39","page","type-page","status-publish","hentry"],"_links":{"self":[{"href":"https:\/\/spielundactionev.de\/index.php?rest_route=\/wp\/v2\/pages\/39","targetHints":{"allow":["GET"]}}],"collection":[{"href":"https:\/\/spielundactionev.de\/index.php?rest_route=\/wp\/v2\/pages"}],"about":[{"href":"https:\/\/spielundactionev.de\/index.php?rest_route=\/wp\/v2\/types\/page"}],"author":[{"embeddable":true,"href":"https:\/\/spielundactionev.de\/index.php?rest_route=\/wp\/v2\/users\/2"}],"replies":[{"embeddable":true,"href":"https:\/\/spielundactionev.de\/index.php?rest_route=%2Fwp%2Fv2%2Fcomments&post=39"}],"version-history":[{"count":13,"href":"https:\/\/spielundactionev.de\/index.php?rest_route=\/wp\/v2\/pages\/39\/revisions"}],"predecessor-version":[{"id":561,"href":"https:\/\/spielundactionev.de\/index.php?rest_route=\/wp\/v2\/pages\/39\/revisions\/561"}],"up":[{"embeddable":true,"href":"https:\/\/spielundactionev.de\/index.php?rest_route=\/wp\/v2\/pages\/34"}],"wp:attachment":[{"href":"https:\/\/spielundactionev.de\/index.php?rest_route=%2Fwp%2Fv2%2Fmedia&parent=39"}],"curies":[{"name":"wp","href":"https:\/\/api.w.org\/{rel}","templated":true}]}}