{"id":404,"date":"2022-01-13T07:23:22","date_gmt":"2022-01-13T06:23:22","guid":{"rendered":"https:\/\/spielundactionev.de\/?page_id=404"},"modified":"2025-10-16T13:06:19","modified_gmt":"2025-10-16T11:06:19","slug":"kooperationen","status":"publish","type":"page","link":"https:\/\/spielundactionev.de\/?page_id=404","title":{"rendered":"Kooperationen und Vernetzungen"},"content":{"rendered":"<p><strong>Gemeinsam mehr erreichen<\/strong><\/p>\n<p>Mit anderen Menschen und Einrichtungen zusammenzuarbeiten bedeutet uns viel. Vernetzung, Kooperation und Austausch&nbsp; stellen f\u00fcr uns im sozialen Bereich einen wesentlichen Bestandteil der Arbeit dar, um uns weiterzuentwickeln und zu verbessern.<\/p>\n<p><img loading=\"lazy\" decoding=\"async\" class=\"wp-image-286 aligncenter\" src=\"https:\/\/spielundactionev.de\/wp-content\/uploads\/2022\/01\/dou-300x134.png\" alt=\"\" width=\"461\" height=\"206\" srcset=\"https:\/\/spielundactionev.de\/wp-content\/uploads\/2022\/01\/dou-300x134.png 300w, https:\/\/spielundactionev.de\/wp-content\/uploads\/2022\/01\/dou.png 670w\" sizes=\"auto, (max-width: 461px) 100vw, 461px\" \/><\/p>\n<p>Hier ein paar Links zu einigen unserer Kooperationspartnern (in alphabetischer Reihenfolge):<\/p>\n<ul>\n<li style=\"list-style-type: none;\">\n<ul>\n<li style=\"list-style-type: none;\">\n<ul>\n<li><a href=\"http:\/\/www.alt-lankwitzer-grundschule.de\/\" target=\"_blank\" rel=\"noopener\">Alt Lankwitzer Grundschule&nbsp;<\/a>-&gt; Gemeinsame <a href=\"https:\/\/spielundactionev.de\/?page_id=39\">Projekte<\/a> und Berufung von Frau H\u00e4rtel als externes Mitglied der Schulkonferenz&nbsp;<\/li>\n<\/ul>\n<\/li>\n<li style=\"list-style-type: none;\">&nbsp;\n<ul>\n<li><a href=\"https:\/\/www1.jugendhilfeverein.de\/gemeinwesenarbeit\/\">Evangelischer Jugendhilfeverein e.V<\/a>. -&gt; gemeinsamer Discordserver &#8211; <a href=\"https:\/\/spielundactionev.de\/?page_id=191\">MovingYouth-MySZ<\/a> und andere Aktionen und Projekte<\/li>\n<\/ul>\n<\/li>\n<li style=\"list-style-type: none;\">&nbsp;\n<ul>\n<li><a href=\"https:\/\/www.fsd-famos.de\/\" target=\"_blank\" rel=\"noopener\">FSD Famos gGmbH<\/a> -&gt; gemeinsame Betreuung eines Discordservers &#8211;&nbsp; &#8222;<a href=\"https:\/\/spielundactionev.de\/?page_id=204\">Infos und Plauschen f\u00fcr Eltern&#8220;<\/a><\/li>\n<\/ul>\n<\/li>\n<li style=\"list-style-type: none;\">&nbsp;\n<ul>\n<li><a href=\"https:\/\/www.berlin.de\/ba-steglitz-zehlendorf\/politik-und-verwaltung\/aemter\/jugendamt\/\" target=\"_blank\" rel=\"noopener\">Jugendamt Bezirksamt Steglitz-Zehlendorf<\/a> -&gt; Projekte, Aktionen und Kooperationsvertrag f\u00fcr das <a href=\"https:\/\/spielundactionev.de\/?page_id=43\">KiJuFam K\u00e4seglocke<\/a> und damit verbunden die Finanzierung, \u00fcber einen Kooperationsvertrag, f\u00fcr einen Teil der Angebote der Einrichtung, sowie Unterhaltung des Geb\u00e4udes<\/li>\n<\/ul>\n<\/li>\n<li style=\"list-style-type: none;\">&nbsp;\n<ul>\n<li><a href=\"https:\/\/www.berlin.de\/ba-steglitz-zehlendorf\/politik-und-verwaltung\/service-und-organisationseinheiten\/qualitaetsentwicklung-planung-und-koordination-im-oeffentlichen-gesundheitsdienst\/artikel.1475328.php#kiezinbewegunglankwitz\" target=\"_blank\" rel=\"noopener\">Netzwerk Kiez in Bewegung<\/a> -&gt; Spiel, Sport. Spa\u00df f\u00fcr den Kiez mit vielen verschiedenen Akteuren im Kiez<\/li>\n<\/ul>\n<\/li>\n<\/ul>\n<\/li>\n<\/ul>\n<p><img loading=\"lazy\" decoding=\"async\" class=\"wp-image-471 aligncenter\" src=\"https:\/\/spielundactionev.de\/wp-content\/uploads\/2022\/01\/trio-300x107.png\" alt=\"\" width=\"516\" height=\"184\" srcset=\"https:\/\/spielundactionev.de\/wp-content\/uploads\/2022\/01\/trio-300x107.png 300w, https:\/\/spielundactionev.de\/wp-content\/uploads\/2022\/01\/trio.png 689w\" sizes=\"auto, (max-width: 516px) 100vw, 516px\" \/><\/p>\n<p>Wir sind in folgenden Netzwerken aktiv mit dabei (in alphabetischer Reihenfolge):<\/p>\n<ul>\n<li style=\"list-style-type: none;\">\n<ul>\n<li style=\"list-style-type: none;\">\n<ul>\n<li>AG \u00a778 Jugendarbeit SZ<\/li>\n<li>AG Gender*&nbsp;<\/li>\n<li>AG mobile und hinausreichende Jugendarbeit SZ<\/li>\n<li>AG Beteiligung<\/li>\n<li>AG digitale Lebenswelten<\/li>\n<li>Netzwerk Kiez in Bewegung<\/li>\n<li>Pr\u00e4ventionsbeirat Steglitz-Zehlendorf<\/li>\n<li>Runder Tisch Lankwitz-S\u00fcdende<\/li>\n<li>Verbund Lankwitz<\/li>\n<\/ul>\n<\/li>\n<\/ul>\n<\/li>\n<\/ul>\n<p>&nbsp;<\/p>\n<p>&nbsp;<\/p>\n<p>&nbsp;<\/p>\n<p>&nbsp;<\/p>\n<p>&nbsp;<\/p>\n","protected":false},"excerpt":{"rendered":"<p>Gemeinsam mehr erreichen Mit anderen Menschen und Einrichtungen zusammenzuarbeiten bedeutet uns viel. Vernetzung, Kooperation und Austausch&nbsp; stellen f\u00fcr uns im sozialen Bereich einen wesentlichen Bestandteil der Arbeit dar, um uns weiterzuentwickeln und zu verbessern. Hier ein paar Links zu einigen unserer Kooperationspartnern (in alphabetischer Reihenfolge): Alt Lankwitzer Grundschule&nbsp;-&gt; Gemeinsame Projekte und Berufung von Frau H\u00e4rtel &hellip; <\/p>\n<p class=\"link-more\"><a href=\"https:\/\/spielundactionev.de\/?page_id=404\" class=\"more-link\"><span class=\"screen-reader-text\">\u201eKooperationen und Vernetzungen\u201c <\/span>weiterlesen<\/a><\/p>\n","protected":false},"author":2,"featured_media":0,"parent":34,"menu_order":0,"comment_status":"closed","ping_status":"closed","template":"","meta":{"ngg_post_thumbnail":0,"footnotes":""},"class_list":["post-404","page","type-page","status-publish","hentry"],"_links":{"self":[{"href":"https:\/\/spielundactionev.de\/index.php?rest_route=\/wp\/v2\/pages\/404","targetHints":{"allow":["GET"]}}],"collection":[{"href":"https:\/\/spielundactionev.de\/index.php?rest_route=\/wp\/v2\/pages"}],"about":[{"href":"https:\/\/spielundactionev.de\/index.php?rest_route=\/wp\/v2\/types\/page"}],"author":[{"embeddable":true,"href":"https:\/\/spielundactionev.de\/index.php?rest_route=\/wp\/v2\/users\/2"}],"replies":[{"embeddable":true,"href":"https:\/\/spielundactionev.de\/index.php?rest_route=%2Fwp%2Fv2%2Fcomments&post=404"}],"version-history":[{"count":22,"href":"https:\/\/spielundactionev.de\/index.php?rest_route=\/wp\/v2\/pages\/404\/revisions"}],"predecessor-version":[{"id":953,"href":"https:\/\/spielundactionev.de\/index.php?rest_route=\/wp\/v2\/pages\/404\/revisions\/953"}],"up":[{"embeddable":true,"href":"https:\/\/spielundactionev.de\/index.php?rest_route=\/wp\/v2\/pages\/34"}],"wp:attachment":[{"href":"https:\/\/spielundactionev.de\/index.php?rest_route=%2Fwp%2Fv2%2Fmedia&parent=404"}],"curies":[{"name":"wp","href":"https:\/\/api.w.org\/{rel}","templated":true}]}}