{"id":414,"date":"2022-01-13T07:44:03","date_gmt":"2022-01-13T06:44:03","guid":{"rendered":"https:\/\/spielundactionev.de\/?page_id=414"},"modified":"2022-01-20T10:48:55","modified_gmt":"2022-01-20T09:48:55","slug":"mitreden-und-mitgestalten","status":"publish","type":"page","link":"https:\/\/spielundactionev.de\/?page_id=414","title":{"rendered":"Mitreden und Mitgestalten"},"content":{"rendered":"<p><strong>Gemeinsam die Welt ver\u00e4ndern im Kleinen und im Gro\u00dfen<\/strong><\/p>\n<p>Eines unserer Ziele, das wir den Kindern, die zu uns kommen, gerne vermitteln m\u00f6chten, ist, dass selbstbewusste und selbst bestimmte Leben ihres eigenen Lebens zu lernen. Hierf\u00fcr ist es sinnvoll, in vielen kleinen Schritten zu trainieren, was Kind m\u00f6chte und was nicht. Was es vielleicht lieber machen mag und was es aus nachvollziehbaren Gr\u00fcnden akzeptieren kann.<\/p>\n<p><img loading=\"lazy\" decoding=\"async\" class=\"size-medium wp-image-398 aligncenter\" src=\"https:\/\/spielundactionev.de\/wp-content\/uploads\/2022\/01\/gemeinsam-1-300x188.png\" alt=\"\" width=\"300\" height=\"188\" srcset=\"https:\/\/spielundactionev.de\/wp-content\/uploads\/2022\/01\/gemeinsam-1-300x188.png 300w, https:\/\/spielundactionev.de\/wp-content\/uploads\/2022\/01\/gemeinsam-1-1024x642.png 1024w, https:\/\/spielundactionev.de\/wp-content\/uploads\/2022\/01\/gemeinsam-1-768x482.png 768w, https:\/\/spielundactionev.de\/wp-content\/uploads\/2022\/01\/gemeinsam-1.png 1236w\" sizes=\"auto, (max-width: 300px) 100vw, 300px\" \/><\/p>\n<p>Wir arbeiten daher mit einem sehr hohen partizipativem&nbsp; Ansatz. Unsere Kinder und Jugendlichen werden bei m\u00f6glichst vielen Entscheidungen beteiligt. Das reicht von der Planung des Ferienprograms \u00fcber den Essensplan, den \u00d6ffnungszeiten z.B. am Wochenende oder abends bis hin zur Planung des Spielplatzes am Ende des Rosengartens.&nbsp;<\/p>\n<p>Hierzu haben wir mit den Kindern und Jugendlichen einen eigenen Lego-Trickfilm gemacht&#8230;<\/p>\n<p><iframe loading=\"lazy\" title=\"Von der Idee zur Rutsche - Legofilm\" width=\"525\" height=\"295\" src=\"https:\/\/www.youtube.com\/embed\/8v3ACZQ09dg?start=6&#038;feature=oembed\" frameborder=\"0\" allow=\"accelerometer; autoplay; clipboard-write; encrypted-media; gyroscope; picture-in-picture; web-share\" referrerpolicy=\"strict-origin-when-cross-origin\" allowfullscreen><\/iframe><\/p>\n<p>Es ist nicht immer einfach, macht aber Spa\u00df, die Entwicklung und Diskussionen der Kinder zu beobachten. Au\u00dferdem entstehen so auch Ideen, die wir als erwachsene P\u00e4dagogen teilweise nie gehabt h\u00e4tten.&nbsp;<\/p>\n<p>Unsere Mitarbeiterin, <a href=\"https:\/\/spielundactionev.de\/?page_id=179\">Silvia H\u00e4rtel,<\/a> ist unter anderem ausgebildete Moderatorin f\u00fcr Beteiligungsprozesse f\u00fcr Kinder und Jugendliche, um das ganze fachlich kompetent zu begleiten.<\/p>\n<p><img loading=\"lazy\" decoding=\"async\" class=\" wp-image-471 aligncenter\" src=\"https:\/\/spielundactionev.de\/wp-content\/uploads\/2022\/01\/trio-300x107.png\" alt=\"\" width=\"432\" height=\"154\" srcset=\"https:\/\/spielundactionev.de\/wp-content\/uploads\/2022\/01\/trio-300x107.png 300w, https:\/\/spielundactionev.de\/wp-content\/uploads\/2022\/01\/trio.png 689w\" sizes=\"auto, (max-width: 432px) 100vw, 432px\" \/><\/p>\n<p>&nbsp;<\/p>\n<p>&nbsp;<\/p>\n<p>&nbsp;<\/p>\n<p>&nbsp;<\/p>\n","protected":false},"excerpt":{"rendered":"<p>Gemeinsam die Welt ver\u00e4ndern im Kleinen und im Gro\u00dfen Eines unserer Ziele, das wir den Kindern, die zu uns kommen, gerne vermitteln m\u00f6chten, ist, dass selbstbewusste und selbst bestimmte Leben ihres eigenen Lebens zu lernen. Hierf\u00fcr ist es sinnvoll, in vielen kleinen Schritten zu trainieren, was Kind m\u00f6chte und was nicht. Was es vielleicht lieber &hellip; <\/p>\n<p class=\"link-more\"><a href=\"https:\/\/spielundactionev.de\/?page_id=414\" class=\"more-link\"><span class=\"screen-reader-text\">\u201eMitreden und Mitgestalten\u201c <\/span>weiterlesen<\/a><\/p>\n","protected":false},"author":2,"featured_media":0,"parent":34,"menu_order":0,"comment_status":"closed","ping_status":"closed","template":"","meta":{"ngg_post_thumbnail":0,"footnotes":""},"class_list":["post-414","page","type-page","status-publish","hentry"],"_links":{"self":[{"href":"https:\/\/spielundactionev.de\/index.php?rest_route=\/wp\/v2\/pages\/414","targetHints":{"allow":["GET"]}}],"collection":[{"href":"https:\/\/spielundactionev.de\/index.php?rest_route=\/wp\/v2\/pages"}],"about":[{"href":"https:\/\/spielundactionev.de\/index.php?rest_route=\/wp\/v2\/types\/page"}],"author":[{"embeddable":true,"href":"https:\/\/spielundactionev.de\/index.php?rest_route=\/wp\/v2\/users\/2"}],"replies":[{"embeddable":true,"href":"https:\/\/spielundactionev.de\/index.php?rest_route=%2Fwp%2Fv2%2Fcomments&post=414"}],"version-history":[{"count":11,"href":"https:\/\/spielundactionev.de\/index.php?rest_route=\/wp\/v2\/pages\/414\/revisions"}],"predecessor-version":[{"id":657,"href":"https:\/\/spielundactionev.de\/index.php?rest_route=\/wp\/v2\/pages\/414\/revisions\/657"}],"up":[{"embeddable":true,"href":"https:\/\/spielundactionev.de\/index.php?rest_route=\/wp\/v2\/pages\/34"}],"wp:attachment":[{"href":"https:\/\/spielundactionev.de\/index.php?rest_route=%2Fwp%2Fv2%2Fmedia&parent=414"}],"curies":[{"name":"wp","href":"https:\/\/api.w.org\/{rel}","templated":true}]}}