{"id":43,"date":"2022-01-10T12:10:16","date_gmt":"2022-01-10T11:10:16","guid":{"rendered":"https:\/\/spielundactionev.de\/?page_id=43"},"modified":"2023-08-29T13:31:39","modified_gmt":"2023-08-29T11:31:39","slug":"kinder-jugend-und-familientreff-kaeseglocke","status":"publish","type":"page","link":"https:\/\/spielundactionev.de\/?page_id=43","title":{"rendered":"Kinder-, Jugend- und Familientreff K\u00e4seglocke"},"content":{"rendered":"\r\n<p><strong>Der Kinder-, Jugend- und&nbsp; Familientreff von Spiel &amp; Action e.V.<\/strong><\/p>\r\n<p><img loading=\"lazy\" decoding=\"async\" class=\"size-medium wp-image-388 alignleft\" src=\"https:\/\/spielundactionev.de\/wp-content\/uploads\/2022\/01\/hinten-212x300.png\" alt=\"\" width=\"212\" height=\"300\" srcset=\"https:\/\/spielundactionev.de\/wp-content\/uploads\/2022\/01\/hinten-212x300.png 212w, https:\/\/spielundactionev.de\/wp-content\/uploads\/2022\/01\/hinten-723x1024.png 723w, https:\/\/spielundactionev.de\/wp-content\/uploads\/2022\/01\/hinten-768x1088.png 768w, https:\/\/spielundactionev.de\/wp-content\/uploads\/2022\/01\/hinten-1084x1536.png 1084w, https:\/\/spielundactionev.de\/wp-content\/uploads\/2022\/01\/hinten-1446x2048.png 1446w\" sizes=\"auto, (max-width: 212px) 100vw, 212px\" \/><\/p>\r\n<p>Die K\u00e4seglocke ist ein kleines gem\u00fctliches dreist\u00f6ckiges Geb\u00e4ude in Form eines T\u00fcrmchens in Lankwitz. Es steht am Rande einer wundersch\u00f6nen Parkanlage, die wir im Sommer gerne nutzen.&nbsp;<\/p>\r\n<p>Wir bieten normale &#8222;offene T\u00fcr&#8220; an, f\u00fcr Kinder und Jugendliche. Diverse Spiel-, Sport- und Kreativangebote stehen zu Verf\u00fcgung.&nbsp;<\/p>\r\n<p>Unser Angebot ist f\u00fcr die Kinder und Jugendlichen kostenlos. Aber: wir sind nur f\u00fcr Kinder da, die selbst\u00e4ndig und freiwillig zu uns kommen. Wir sind keine Notfallbetreuung f\u00fcr Kinder von 0 bis 6!&nbsp;<\/p>\r\n<p>Unsere aktuellen regul\u00e4ren \u00d6ffnungszeiten sind:<br>Montag:&nbsp; &nbsp; &nbsp; &nbsp; &nbsp; 14.00 bis 19.00 Uhr<br>Dienstag: :&nbsp; &nbsp; &nbsp;14.00 bis 19.00 Uhr<br>Mittwoch:&nbsp; &nbsp; &nbsp; 14.00 bis 19.00 Uhr<br>Donnerstag: 14.00 bis 19.00 Uhr<br>Freitag:&nbsp; &nbsp; &nbsp; &nbsp; &nbsp; &nbsp;14.00 bis 19.00 Uhr <br>&nbsp; &nbsp; &nbsp; &nbsp; &nbsp; &nbsp; &nbsp; &nbsp; &nbsp; &#8211; letzter Freitag im Monat Lange Nacht des Zockens Digital <br>&nbsp; &nbsp; &nbsp; &nbsp; &nbsp; &nbsp; &nbsp; &nbsp; &nbsp; &nbsp; &nbsp;und&nbsp; Analog in der Zeit: 18.00 &#8211; 0.00 Uhr<br>Samstag und Sonntag: Veranstaltungen, Events, Projekte bitte Aush\u00e4nge und Ank\u00fcndigungen beachten<\/p>\r\n<p>Am Vormittag kommen \u00f6fter Schulklassen zu bestimmte Projekten zu uns.<\/p>\r\n<p>Unser Verein Spiel &amp; Action e.V. bietet dort seit 1999 die unterschiedlichsten Angebote an, wie z.B.:<\/p>\r\n<ul>\r\n<li style=\"list-style-type: none;\">\r\n<ul>\r\n<li><img loading=\"lazy\" decoding=\"async\" class=\"size-medium wp-image-390 alignright\" src=\"https:\/\/spielundactionev.de\/wp-content\/uploads\/2022\/01\/zocken-300x186.png\" alt=\"\" width=\"300\" height=\"186\" srcset=\"https:\/\/spielundactionev.de\/wp-content\/uploads\/2022\/01\/zocken-300x186.png 300w, https:\/\/spielundactionev.de\/wp-content\/uploads\/2022\/01\/zocken-768x477.png 768w, https:\/\/spielundactionev.de\/wp-content\/uploads\/2022\/01\/zocken.png 786w\" sizes=\"auto, (max-width: 300px) 100vw, 300px\" \/>offene T\u00fcr Angebote: mit z.B. Billiard, Kicker, Brettspielen, Spielekonsolen, B\u00fccherecke, Caf\u00e9 &#8230;<\/li>\r\n<li><a href=\"https:\/\/spielundactionev.de\/?page_id=236\">Suppenk\u00fcche f\u00fcr Kids<\/a>: w\u00e4hrend unserer \u00d6ffnungszeiten gibt es im Caf\u00e9 leckere Snacks, Obst und Gem\u00fcse, Salat, S\u00fc\u00dfigkeiten, Getr\u00e4nke und warmes Mittagessen<\/li>\r\n<li><a href=\"https:\/\/spielundactionev.de\/?page_id=81\">Beratung und Hilfestellung<\/a>: wir stehen gerne f\u00fcr Gespr\u00e4che zur Verf\u00fcgung und beraten zu verschiedensten Themen. Wir unterst\u00fctzen auch bei&nbsp; z.B. Internetrecherche oder beim Suchen f\u00fcr Zust\u00e4ndige, sowie digitale <a href=\"https:\/\/spielundactionev.de\/?page_id=204\">Elternberatung<\/a><\/li>\r\n<li>Begleitung und Unterst\u00fctzung: wir begleiten z.B. zu Schulgespr\u00e4chen, zu \u00c4mtern, zum Jobcenter, in Krankenh\u00e4user oder zu \u00c4rzten und k\u00f6nnen auch bei anderen Situationen zur Seite stehen<\/li>\r\n<\/ul>\r\n<\/li>\r\n<li style=\"list-style-type: none;\"><img loading=\"lazy\" decoding=\"async\" class=\"size-medium wp-image-391 alignleft\" src=\"https:\/\/spielundactionev.de\/wp-content\/uploads\/2022\/01\/volleyball-1-300x300.png\" alt=\"\" width=\"300\" height=\"300\" srcset=\"https:\/\/spielundactionev.de\/wp-content\/uploads\/2022\/01\/volleyball-1-300x300.png 300w, https:\/\/spielundactionev.de\/wp-content\/uploads\/2022\/01\/volleyball-1-150x150.png 150w, https:\/\/spielundactionev.de\/wp-content\/uploads\/2022\/01\/volleyball-1-100x100.png 100w, https:\/\/spielundactionev.de\/wp-content\/uploads\/2022\/01\/volleyball-1.png 512w\" sizes=\"auto, (max-width: 300px) 100vw, 300px\" \/>&nbsp;\r\n<ul>\r\n<li><a href=\"https:\/\/spielundactionev.de\/?page_id=412\">Sport- und Spiel<\/a>: bei uns k\u00f6nnt ihr euch Spiel- und Sportger\u00e4te f\u00fcr drau\u00dfen ausleihen, z.B. Einr\u00e4der, Fahrr\u00e4der, B\u00e4lle aller Art, Tischtenniskellen, Federballsets, Frisbeegolf, Wasserpistolen, Nerfwaffen &#8230; oder mit uns z.B. auf die Eisbahn oder ins Schwimmbad gehen<\/li>\r\n<li><a href=\"https:\/\/spielundactionev.de\/?page_id=412\">Kreativ- und Bastelangebote<\/a>: je nach Jahreszeit und Wunsch der Kinder werden wir mit den unterschiedlichsten Bastelsachen aktiv<\/li>\r\n<li><a href=\"https:\/\/spielundactionev.de\/?page_id=54\">Veranstaltungen<\/a> rund um\u00b4s Jahr: z.B. Faschingsfeiern, Ostereiersuche mit Osterbrunch f\u00fcr die ganze Familie, Ferienanfangsfest mit Zeugnisverbrennung, <a href=\"https:\/\/spielundactionev.de\/?page_id=58\">Halloweenparty<\/a>, Nikolausfeier mit riesigem Knusperhaus, Weihnachtsfeier, unz\u00e4hlige individuelle Geburtstagsparties &#8230;<\/li>\r\n<li><img loading=\"lazy\" decoding=\"async\" class=\"size-medium wp-image-392 alignright\" src=\"https:\/\/spielundactionev.de\/wp-content\/uploads\/2022\/01\/drehscheibe-300x300.png\" alt=\"\" width=\"300\" height=\"300\" srcset=\"https:\/\/spielundactionev.de\/wp-content\/uploads\/2022\/01\/drehscheibe-300x300.png 300w, https:\/\/spielundactionev.de\/wp-content\/uploads\/2022\/01\/drehscheibe-150x150.png 150w, https:\/\/spielundactionev.de\/wp-content\/uploads\/2022\/01\/drehscheibe-100x100.png 100w, https:\/\/spielundactionev.de\/wp-content\/uploads\/2022\/01\/drehscheibe.png 512w\" sizes=\"auto, (max-width: 300px) 100vw, 300px\" \/>wir sind auch sehr gerne unterwegs auf Ausfl\u00fcgen, wohin auch immer es uns verschl\u00e4gt, von Museen \u00fcber MyJump oder Karl\u00b4s bis zum Haus der Wannseekonferenz oder der Gedenkst\u00e4tte Sachsenhausen. Besonders gerne besuchen wir auch andere Jugendeinrichtungen, um z.B. gemeinsam zu grillen oder uns in Turnieren zu messen<\/li>\r\n<li>ein abwechslungsreicher Teil unserer Arbeit sind auch <a href=\"https:\/\/spielundactionev.de\/?page_id=404\">Kooperationen<\/a> mit Schulen. Vormittags kommen uns gerne Klassen besuchen, um z.B. bei uns Legoprojekte auszuprobieren oder unseren <a href=\"https:\/\/spielundactionev.de\/?page_id=400\">Alkoholpr\u00e4ventionsparcour<\/a> zu testen<\/li>\r\n<\/ul>\r\n<\/li>\r\n<\/ul>\r\n<p>Das Besondere an unserem <a href=\"https:\/\/spielundactionev.de\/?page_id=37\">Konzept<\/a> ist, das alles vollkommen kostenlos f\u00fcr die Kinder und Jugendlichen ist (nat\u00fcrlich auch f\u00fcr die Eltern).<br><br>Wenn Sie was \u00fcber die <a href=\"https:\/\/spielundactionev.de\/?page_id=207\">Geschichte der K\u00e4seglocke<\/a> als Geb\u00e4ude lesen m\u00f6chten, dann schauen Sie gern <a href=\"https:\/\/spielundactionev.de\/?page_id=207\">hier.<\/a>..<\/p>\r\n<p><a href=\"https:\/\/spielundactionev.de\/?page_id=207\"><img loading=\"lazy\" decoding=\"async\" class=\"size-medium wp-image-366 aligncenter\" src=\"https:\/\/spielundactionev.de\/wp-content\/uploads\/2022\/01\/geschichte-255x300.png\" alt=\"\" width=\"255\" height=\"300\" srcset=\"https:\/\/spielundactionev.de\/wp-content\/uploads\/2022\/01\/geschichte-255x300.png 255w, https:\/\/spielundactionev.de\/wp-content\/uploads\/2022\/01\/geschichte.png 484w\" sizes=\"auto, (max-width: 255px) 100vw, 255px\" \/><\/a><\/p>\r\n<p>&nbsp;<\/p>\r\n<center><iframe loading=\"lazy\" style=\"border: 0;\" src=\"https:\/\/www.google.com\/maps\/embed?pb=!1m18!1m12!1m3!1d2432.193233868428!2d13.341682915762933!3d52.43941427979904!2m3!1f0!2f0!3f0!3m2!1i1024!2i768!4f13.1!3m3!1m2!1s0x47a85ac73274e2d1%3A0xe5b4428c17eecc12!2sK%C3%A4seglocke%2C%20Kinder-%20Jugend-%20und%20Familientreff!5e0!3m2!1sde!2sde!4v1642262010806!5m2!1sde!2sde\" width=\"600\" height=\"450\" allowfullscreen=\"allowfullscreen\"><\/iframe><\/center><center><\/center><center><\/center><center><\/center><center><\/center><center><\/center><center><\/center><center>&nbsp;<\/center>","protected":false},"excerpt":{"rendered":"<p>Der Kinder-, Jugend- und&nbsp; Familientreff von Spiel &amp; Action e.V. Die K\u00e4seglocke ist ein kleines gem\u00fctliches dreist\u00f6ckiges Geb\u00e4ude in Form eines T\u00fcrmchens in Lankwitz. Es steht am Rande einer wundersch\u00f6nen Parkanlage, die wir im Sommer gerne nutzen.&nbsp; Wir bieten normale &#8222;offene T\u00fcr&#8220; an, f\u00fcr Kinder und Jugendliche. Diverse Spiel-, Sport- und Kreativangebote stehen zu Verf\u00fcgung.&nbsp; &hellip; <\/p>\n<p class=\"link-more\"><a href=\"https:\/\/spielundactionev.de\/?page_id=43\" class=\"more-link\"><span class=\"screen-reader-text\">\u201eKinder-, Jugend- und Familientreff K\u00e4seglocke\u201c <\/span>weiterlesen<\/a><\/p>\n","protected":false},"author":2,"featured_media":0,"parent":34,"menu_order":1,"comment_status":"closed","ping_status":"closed","template":"","meta":{"ngg_post_thumbnail":0,"footnotes":""},"class_list":["post-43","page","type-page","status-publish","hentry"],"_links":{"self":[{"href":"https:\/\/spielundactionev.de\/index.php?rest_route=\/wp\/v2\/pages\/43","targetHints":{"allow":["GET"]}}],"collection":[{"href":"https:\/\/spielundactionev.de\/index.php?rest_route=\/wp\/v2\/pages"}],"about":[{"href":"https:\/\/spielundactionev.de\/index.php?rest_route=\/wp\/v2\/types\/page"}],"author":[{"embeddable":true,"href":"https:\/\/spielundactionev.de\/index.php?rest_route=\/wp\/v2\/users\/2"}],"replies":[{"embeddable":true,"href":"https:\/\/spielundactionev.de\/index.php?rest_route=%2Fwp%2Fv2%2Fcomments&post=43"}],"version-history":[{"count":24,"href":"https:\/\/spielundactionev.de\/index.php?rest_route=\/wp\/v2\/pages\/43\/revisions"}],"predecessor-version":[{"id":869,"href":"https:\/\/spielundactionev.de\/index.php?rest_route=\/wp\/v2\/pages\/43\/revisions\/869"}],"up":[{"embeddable":true,"href":"https:\/\/spielundactionev.de\/index.php?rest_route=\/wp\/v2\/pages\/34"}],"wp:attachment":[{"href":"https:\/\/spielundactionev.de\/index.php?rest_route=%2Fwp%2Fv2%2Fmedia&parent=43"}],"curies":[{"name":"wp","href":"https:\/\/api.w.org\/{rel}","templated":true}]}}