{"id":45,"date":"2022-01-10T12:11:03","date_gmt":"2022-01-10T11:11:03","guid":{"rendered":"https:\/\/spielundactionev.de\/?page_id=45"},"modified":"2025-10-17T08:32:32","modified_gmt":"2025-10-17T06:32:32","slug":"runder-tisch-lankwitz-suedende","status":"publish","type":"page","link":"https:\/\/spielundactionev.de\/?page_id=45","title":{"rendered":"Runder Tisch Lankwitz-S\u00fcdende"},"content":{"rendered":"<p><strong>Gemeinsam mehr bewegen<\/strong><\/p>\n<p style=\"text-align: left;\"><img loading=\"lazy\" decoding=\"async\" class=\"size-medium wp-image-434 alignleft\" src=\"https:\/\/spielundactionev.de\/wp-content\/uploads\/2022\/01\/willkommen-263x300.png\" alt=\"\" width=\"263\" height=\"300\" srcset=\"https:\/\/spielundactionev.de\/wp-content\/uploads\/2022\/01\/willkommen-263x300.png 263w, https:\/\/spielundactionev.de\/wp-content\/uploads\/2022\/01\/willkommen.png 458w\" sizes=\"auto, (max-width: 263px) 100vw, 263px\" \/>Der <a href=\"https:\/\/www.zukunft-lankwitz.de\/\" target=\"_blank\" rel=\"noopener\">Runde Tisch Lankwitz &#8211; S\u00fcdende<\/a> hat sich im Fr\u00fchjahr 2008 gegr\u00fcndet. Das Einzugsgebiet erstreckt sich von der Lankwitz Kirche \u00fcber den S &#8211; Bahnhof S\u00fcdende bis hin zur Albrechtstra\u00dfe. Teilnehmer*innen sind Akteure im Kiez, interessierte B\u00fcrger*innen, Vertreter*innen des Jugendamtes, der Verwaltung und der Polizei, kommunale Politiker*innen.<\/p>\n<p>Dieser Runde Tisch tagt einmal im Monat, in den letzten zwei Jahren nur noch digital auf seinem eigenen DiscordServer <a href=\"https:\/\/discord.gg\/wQ9NAa2\" target=\"_blank\" rel=\"noopener\">Zukunft-Lankwitz<\/a> (Link zu Discord)<\/p>\n<p>Einmal im Jahr veranstaltet der Runde Tisch das <a href=\"https:\/\/spielundactionev.de\/?page_id=64\">Kiezfest<\/a> und den <a href=\"https:\/\/spielundactionev.de\/?page_id=66\">Rede mit in Lankwitz und S\u00fcdende<\/a>, um sich neuen Themen zu widmen, neue Interessierte zu gewinnen und aktuelle Probleme zu benennen und anzugehen.<\/p>\n<p>Der <a href=\"https:\/\/www.zukunft-lankwitz.de\/\" target=\"_blank\" rel=\"noopener\">Runde Tisch Lankwitz-S\u00fcdende<\/a> hat in den vergangenen Jahren schon viel bewegt, zum Beispiel:<\/p>\n<ul>\n<li style=\"list-style-type: none;\">\n<ul>\n<li style=\"list-style-type: none;\">\n<ul>\n<li>das Alkoholpr\u00e4ventionsprojekt &#8222;No Sprits for Kids&#8220; ins Leben gerufen<\/li>\n<li>den Bau des Zebrastreifens an der Alt Lankwitzer Grundschule beschleunigt<\/li>\n<li>in der Problematik &#8222;Postpark&#8220; deeskaliert und gemeinsam L\u00f6sungen gefunden<\/li>\n<li>an der Idee eines Aktivplatz der Generationen gearbeitet<\/li>\n<li>Ideen zum Thema barrierefreier Kiez entwickelt<\/li>\n<li>das Thema Sicherheit im Kiez aufgegriffen<\/li>\n<li>Sauberkeit in Parkanlagen &#8211; Mobilisierung des Kiezes<\/li>\n<li>E-Roller &#8211; Segen und Fluch<\/li>\n<li>Essbarer Kiez &#8211; \u00f6ffentlich zug\u00e4ngliches Obst, Gem\u00fcse und Kr\u00e4uter<\/li>\n<\/ul>\n<\/li>\n<\/ul>\n<\/li>\n<\/ul>\n<ul>\n<li style=\"list-style-type: none;\"><img loading=\"lazy\" decoding=\"async\" class=\"size-medium wp-image-398 aligncenter\" src=\"https:\/\/spielundactionev.de\/wp-content\/uploads\/2022\/01\/gemeinsam-1-300x188.png\" alt=\"\" width=\"300\" height=\"188\" srcset=\"https:\/\/spielundactionev.de\/wp-content\/uploads\/2022\/01\/gemeinsam-1-300x188.png 300w, https:\/\/spielundactionev.de\/wp-content\/uploads\/2022\/01\/gemeinsam-1-1024x642.png 1024w, https:\/\/spielundactionev.de\/wp-content\/uploads\/2022\/01\/gemeinsam-1-768x482.png 768w, https:\/\/spielundactionev.de\/wp-content\/uploads\/2022\/01\/gemeinsam-1.png 1236w\" sizes=\"auto, (max-width: 300px) 100vw, 300px\" \/>&nbsp;\n<ul>\n<li>das Thema Bienen im Kiez und wie man sie unterst\u00fctzen kann behandelt<\/li>\n<li>die Parkplatzsituation im Kiez zum Thema gemacht<\/li>\n<li>f\u00fcr den Gem\u00fcsestand an der Lankwitz Kirche einen neuen Standplatz gefunden<\/li>\n<li>auch Kinder und Jugendliche werden am <a href=\"https:\/\/spielundactionev.de\/?page_id=66\">Rede mit in Lankwitz und S\u00fcdende<\/a> beteiligt und k\u00f6nnen ihre Ideen einbringen, wie z.B. eine neue Rutsche f\u00fcr den Spielplatz &#8211; Hier\u00fcber wurde sogar ein kleiner Lego &#8211; Stop &#8211; Moviefilm erstellt<\/li>\n<\/ul>\n<\/li>\n<\/ul>\n<p><iframe loading=\"lazy\" title=\"Von der Idee zur Rutsche - Legofilm\" width=\"525\" height=\"295\" src=\"https:\/\/www.youtube.com\/embed\/8v3ACZQ09dg?feature=oembed\" frameborder=\"0\" allow=\"accelerometer; autoplay; clipboard-write; encrypted-media; gyroscope; picture-in-picture; web-share\" referrerpolicy=\"strict-origin-when-cross-origin\" allowfullscreen><\/iframe><\/p>\n","protected":false},"excerpt":{"rendered":"<p>Gemeinsam mehr bewegen Der Runde Tisch Lankwitz &#8211; S\u00fcdende hat sich im Fr\u00fchjahr 2008 gegr\u00fcndet. Das Einzugsgebiet erstreckt sich von der Lankwitz Kirche \u00fcber den S &#8211; Bahnhof S\u00fcdende bis hin zur Albrechtstra\u00dfe. Teilnehmer*innen sind Akteure im Kiez, interessierte B\u00fcrger*innen, Vertreter*innen des Jugendamtes, der Verwaltung und der Polizei, kommunale Politiker*innen. Dieser Runde Tisch tagt einmal &hellip; <\/p>\n<p class=\"link-more\"><a href=\"https:\/\/spielundactionev.de\/?page_id=45\" class=\"more-link\"><span class=\"screen-reader-text\">\u201eRunder Tisch Lankwitz-S\u00fcdende\u201c <\/span>weiterlesen<\/a><\/p>\n","protected":false},"author":2,"featured_media":0,"parent":34,"menu_order":5,"comment_status":"closed","ping_status":"closed","template":"","meta":{"ngg_post_thumbnail":0,"footnotes":""},"class_list":["post-45","page","type-page","status-publish","hentry"],"_links":{"self":[{"href":"https:\/\/spielundactionev.de\/index.php?rest_route=\/wp\/v2\/pages\/45","targetHints":{"allow":["GET"]}}],"collection":[{"href":"https:\/\/spielundactionev.de\/index.php?rest_route=\/wp\/v2\/pages"}],"about":[{"href":"https:\/\/spielundactionev.de\/index.php?rest_route=\/wp\/v2\/types\/page"}],"author":[{"embeddable":true,"href":"https:\/\/spielundactionev.de\/index.php?rest_route=\/wp\/v2\/users\/2"}],"replies":[{"embeddable":true,"href":"https:\/\/spielundactionev.de\/index.php?rest_route=%2Fwp%2Fv2%2Fcomments&post=45"}],"version-history":[{"count":16,"href":"https:\/\/spielundactionev.de\/index.php?rest_route=\/wp\/v2\/pages\/45\/revisions"}],"predecessor-version":[{"id":954,"href":"https:\/\/spielundactionev.de\/index.php?rest_route=\/wp\/v2\/pages\/45\/revisions\/954"}],"up":[{"embeddable":true,"href":"https:\/\/spielundactionev.de\/index.php?rest_route=\/wp\/v2\/pages\/34"}],"wp:attachment":[{"href":"https:\/\/spielundactionev.de\/index.php?rest_route=%2Fwp%2Fv2%2Fmedia&parent=45"}],"curies":[{"name":"wp","href":"https:\/\/api.w.org\/{rel}","templated":true}]}}