{"id":54,"date":"2022-01-10T13:21:46","date_gmt":"2022-01-10T12:21:46","guid":{"rendered":"https:\/\/spielundactionev.de\/?page_id=54"},"modified":"2023-04-12T14:36:47","modified_gmt":"2023-04-12T12:36:47","slug":"veranstaltungen","status":"publish","type":"page","link":"https:\/\/spielundactionev.de\/?page_id=54","title":{"rendered":"Veranstaltungen"},"content":{"rendered":"\r\n<p><strong>Wir lieben Veranstaltungen f\u00fcr Gro\u00df und Klein!<\/strong><\/p>\r\n<p>Aktuell sind wir bei der Planung f\u00fcr einige tolle Veranstaltungen &#8230; wir werden hier berichten, sobald Details feststehen!<\/p>\r\n<p>&nbsp;<\/p>\r\n<p><img loading=\"lazy\" decoding=\"async\" class=\"wp-image-442 aligncenter\" src=\"https:\/\/spielundactionev.de\/wp-content\/uploads\/2022\/01\/geduld-300x195.png\" alt=\"\" width=\"528\" height=\"343\" srcset=\"https:\/\/spielundactionev.de\/wp-content\/uploads\/2022\/01\/geduld-300x195.png 300w, https:\/\/spielundactionev.de\/wp-content\/uploads\/2022\/01\/geduld-1024x665.png 1024w, https:\/\/spielundactionev.de\/wp-content\/uploads\/2022\/01\/geduld-768x499.png 768w, https:\/\/spielundactionev.de\/wp-content\/uploads\/2022\/01\/geduld.png 1448w\" sizes=\"auto, (max-width: 528px) 100vw, 528px\" \/><\/p>\r\n<p><br>Wir haben aber trotzdem ein paar Veranstaltungen die uns durch die Jahre begleiten, zusammengestellt um sie Ihnen hier vorzustellen.&nbsp;<\/p>\r\n<ul>\r\n<li style=\"list-style-type: none;\">\r\n<ul>\r\n<li style=\"list-style-type: none;\">\r\n<ul>\r\n<li><a href=\"https:\/\/spielundactionev.de\/?page_id=56\">Tr\u00f6delmarkt im Rosengarten<\/a><\/li>\r\n<\/ul>\r\n<\/li>\r\n<li style=\"list-style-type: none;\">&nbsp;\r\n<ul>\r\n<li><a href=\"https:\/\/spielundactionev.de\/?page_id=64\">Kiez-Fest<\/a><\/li>\r\n<\/ul>\r\n<\/li>\r\n<li style=\"list-style-type: none;\">&nbsp;\r\n<ul>\r\n<li><a href=\"https:\/\/spielundactionev.de\/?page_id=66\">Marktplatz der Ideen<\/a> (findet aktuell digital statt)<\/li>\r\n<\/ul>\r\n<\/li>\r\n<li style=\"list-style-type: none;\">&nbsp;\r\n<ul>\r\n<li><a href=\"https:\/\/spielundactionev.de\/?page_id=58\">Halloweenb\u00f6rse<\/a><\/li>\r\n<\/ul>\r\n<\/li>\r\n<li style=\"list-style-type: none;\">&nbsp;\r\n<ul>\r\n<li><a href=\"https:\/\/spielundactionev.de\/?page_id=60\">Schmuckb\u00f6rse<\/a><\/li>\r\n<\/ul>\r\n<\/li>\r\n<\/ul>\r\n<\/li>\r\n<\/ul>\r\n<p>&nbsp;<\/p>\r\n<center><iframe loading=\"lazy\" style=\"border: 0;\" src=\"https:\/\/www.google.com\/maps\/embed?pb=!1m18!1m12!1m3!1d2432.193233868428!2d13.341682915762933!3d52.43941427979904!2m3!1f0!2f0!3f0!3m2!1i1024!2i768!4f13.1!3m3!1m2!1s0x47a85ac73274e2d1%3A0xe5b4428c17eecc12!2sK%C3%A4seglocke%2C%20Kinder-%20Jugend-%20und%20Familientreff!5e0!3m2!1sde!2sde!4v1642262010806!5m2!1sde!2sde\" width=\"600\" height=\"450\" allowfullscreen=\"allowfullscreen\"><\/iframe> &nbsp;<\/center>\r\n<p>&nbsp;<\/p>\r\n<p>&nbsp;<\/p>\r\n","protected":false},"excerpt":{"rendered":"<p>Wir lieben Veranstaltungen f\u00fcr Gro\u00df und Klein! Aktuell sind wir bei der Planung f\u00fcr einige tolle Veranstaltungen &#8230; wir werden hier berichten, sobald Details feststehen! &nbsp; Wir haben aber trotzdem ein paar Veranstaltungen die uns durch die Jahre begleiten, zusammengestellt um sie Ihnen hier vorzustellen.&nbsp; Tr\u00f6delmarkt im Rosengarten &nbsp; Kiez-Fest &nbsp; Marktplatz der Ideen (findet &hellip; <\/p>\n<p class=\"link-more\"><a href=\"https:\/\/spielundactionev.de\/?page_id=54\" class=\"more-link\"><span class=\"screen-reader-text\">\u201eVeranstaltungen\u201c <\/span>weiterlesen<\/a><\/p>\n","protected":false},"author":2,"featured_media":0,"parent":0,"menu_order":0,"comment_status":"closed","ping_status":"closed","template":"","meta":{"ngg_post_thumbnail":0,"footnotes":""},"class_list":["post-54","page","type-page","status-publish","hentry"],"_links":{"self":[{"href":"https:\/\/spielundactionev.de\/index.php?rest_route=\/wp\/v2\/pages\/54","targetHints":{"allow":["GET"]}}],"collection":[{"href":"https:\/\/spielundactionev.de\/index.php?rest_route=\/wp\/v2\/pages"}],"about":[{"href":"https:\/\/spielundactionev.de\/index.php?rest_route=\/wp\/v2\/types\/page"}],"author":[{"embeddable":true,"href":"https:\/\/spielundactionev.de\/index.php?rest_route=\/wp\/v2\/users\/2"}],"replies":[{"embeddable":true,"href":"https:\/\/spielundactionev.de\/index.php?rest_route=%2Fwp%2Fv2%2Fcomments&post=54"}],"version-history":[{"count":12,"href":"https:\/\/spielundactionev.de\/index.php?rest_route=\/wp\/v2\/pages\/54\/revisions"}],"predecessor-version":[{"id":852,"href":"https:\/\/spielundactionev.de\/index.php?rest_route=\/wp\/v2\/pages\/54\/revisions\/852"}],"wp:attachment":[{"href":"https:\/\/spielundactionev.de\/index.php?rest_route=%2Fwp%2Fv2%2Fmedia&parent=54"}],"curies":[{"name":"wp","href":"https:\/\/api.w.org\/{rel}","templated":true}]}}