{"id":545,"date":"2022-01-15T22:23:54","date_gmt":"2022-01-15T21:23:54","guid":{"rendered":"https:\/\/spielundactionev.de\/?page_id=545"},"modified":"2022-01-16T16:10:54","modified_gmt":"2022-01-16T15:10:54","slug":"escape-games-ein-besonders-abenteuer","status":"publish","type":"page","link":"https:\/\/spielundactionev.de\/?page_id=545","title":{"rendered":"Escape Games &#8211; Ein besonders Abenteuer"},"content":{"rendered":"<p><strong>Virtuelles Abenteuer f\u00fcr die ganze Familie<\/strong><\/p>\n<p>Gemeinsam mit dem Team vom Projekt MovingYouth-MySZ des Evangelischen Jugendhilfeverein e.V.,&nbsp; haben wir die Idee gehabt, 2021 einen digitalen Adventskalender f\u00fcr die ganze Familie zu entwickeln. Da wir zu dieser Zeit mit Jugendlichen diverse online Escape-Games gespielt haben, lag es Nahe ein genau solches selbst zu entwickeln. Der Adventskalender ist so toll geworden, das wir uns \u00fcberlegt haben, es w\u00e4re schade, wenn er nur f\u00fcr einen Monat online w\u00e4re. So haben wir ihn so umgebaut, das er zeitlos ist.&nbsp;<\/p>\n<p>Wir haben es auf der Webseite des <a href=\"https:\/\/spielundactionev.de\/?page_id=45\">Runden Tisch Lankwitz-S\u00fcdende<\/a> eingebunden, da diese neue Webseite noch nicht soweit war. Es ist ein Abenteuer durch Zeit und Raum, in dieser und in anderen Welten. Es m\u00fcssen R\u00e4tsel und kleine Knobeleien gel\u00f6st werden, um weiter zu kommen. Der Titel&nbsp;<\/p>\n<p><img decoding=\"async\" src=\"http:\/\/www.zukunft-lankwitz.de\/wp-content\/uploads\/2030\/01\/titelneu.png\"><\/p>\n<p><img decoding=\"async\" src=\"https:\/\/www.zukunft-lankwitz.de\/wp-content\/uploads\/2030\/01\/ankuendigung2022.png\"><\/p>\n<p>Neugierig geworden? Dann schauen Sie einfach mal vorbei&#8230;<\/p>\n<p style=\"text-align: center;\"><a href=\"https:\/\/www.zukunft-lankwitz.de\/?p=1716\" target=\"_blank\" rel=\"noopener\">www.zukunft-lankwitz.de<\/a><\/p>\n<p><img loading=\"lazy\" decoding=\"async\" class=\"size-medium wp-image-263 alignright\" src=\"https:\/\/spielundactionev.de\/wp-content\/uploads\/2022\/01\/maenchenundeinhorn-242x300.png\" alt=\"\" width=\"242\" height=\"300\" srcset=\"https:\/\/spielundactionev.de\/wp-content\/uploads\/2022\/01\/maenchenundeinhorn-242x300.png 242w, https:\/\/spielundactionev.de\/wp-content\/uploads\/2022\/01\/maenchenundeinhorn-825x1024.png 825w, https:\/\/spielundactionev.de\/wp-content\/uploads\/2022\/01\/maenchenundeinhorn-768x954.png 768w, https:\/\/spielundactionev.de\/wp-content\/uploads\/2022\/01\/maenchenundeinhorn-1237x1536.png 1237w, https:\/\/spielundactionev.de\/wp-content\/uploads\/2022\/01\/maenchenundeinhorn-1649x2048.png 1649w\" sizes=\"auto, (max-width: 242px) 100vw, 242px\" \/><\/p>\n<p>&nbsp;<\/p>\n<p>&nbsp;<\/p>\n<p>Wir w\u00fcnschen Ihnen viel Spa\u00df!&nbsp;<\/p>\n","protected":false},"excerpt":{"rendered":"<p>Virtuelles Abenteuer f\u00fcr die ganze Familie Gemeinsam mit dem Team vom Projekt MovingYouth-MySZ des Evangelischen Jugendhilfeverein e.V.,&nbsp; haben wir die Idee gehabt, 2021 einen digitalen Adventskalender f\u00fcr die ganze Familie zu entwickeln. Da wir zu dieser Zeit mit Jugendlichen diverse online Escape-Games gespielt haben, lag es Nahe ein genau solches selbst zu entwickeln. Der Adventskalender &hellip; <\/p>\n<p class=\"link-more\"><a href=\"https:\/\/spielundactionev.de\/?page_id=545\" class=\"more-link\"><span class=\"screen-reader-text\">\u201eEscape Games &#8211; Ein besonders Abenteuer\u201c <\/span>weiterlesen<\/a><\/p>\n","protected":false},"author":2,"featured_media":0,"parent":0,"menu_order":0,"comment_status":"closed","ping_status":"closed","template":"","meta":{"ngg_post_thumbnail":0,"footnotes":""},"class_list":["post-545","page","type-page","status-publish","hentry"],"_links":{"self":[{"href":"https:\/\/spielundactionev.de\/index.php?rest_route=\/wp\/v2\/pages\/545","targetHints":{"allow":["GET"]}}],"collection":[{"href":"https:\/\/spielundactionev.de\/index.php?rest_route=\/wp\/v2\/pages"}],"about":[{"href":"https:\/\/spielundactionev.de\/index.php?rest_route=\/wp\/v2\/types\/page"}],"author":[{"embeddable":true,"href":"https:\/\/spielundactionev.de\/index.php?rest_route=\/wp\/v2\/users\/2"}],"replies":[{"embeddable":true,"href":"https:\/\/spielundactionev.de\/index.php?rest_route=%2Fwp%2Fv2%2Fcomments&post=545"}],"version-history":[{"count":7,"href":"https:\/\/spielundactionev.de\/index.php?rest_route=\/wp\/v2\/pages\/545\/revisions"}],"predecessor-version":[{"id":602,"href":"https:\/\/spielundactionev.de\/index.php?rest_route=\/wp\/v2\/pages\/545\/revisions\/602"}],"wp:attachment":[{"href":"https:\/\/spielundactionev.de\/index.php?rest_route=%2Fwp%2Fv2%2Fmedia&parent=545"}],"curies":[{"name":"wp","href":"https:\/\/api.w.org\/{rel}","templated":true}]}}