{"id":56,"date":"2022-01-10T13:22:18","date_gmt":"2022-01-10T12:22:18","guid":{"rendered":"https:\/\/spielundactionev.de\/?page_id=56"},"modified":"2025-10-17T08:35:05","modified_gmt":"2025-10-17T06:35:05","slug":"troedelmarkt-im-rosengarten","status":"publish","type":"page","link":"https:\/\/spielundactionev.de\/?page_id=56","title":{"rendered":"Tr\u00f6delmarkt im Rosengarten"},"content":{"rendered":"\r\n<p><strong>Tr\u00f6delmarkt und Babybasar in wundersch\u00f6ner Parkanlage<\/strong><\/p>\r\n<p><img loading=\"lazy\" decoding=\"async\" class=\"size-medium wp-image-318 alignleft\" src=\"https:\/\/spielundactionev.de\/wp-content\/uploads\/2022\/01\/troedelmarkt-200x300.png\" alt=\"\" width=\"200\" height=\"300\" srcset=\"https:\/\/spielundactionev.de\/wp-content\/uploads\/2022\/01\/troedelmarkt-200x300.png 200w, https:\/\/spielundactionev.de\/wp-content\/uploads\/2022\/01\/troedelmarkt.png 300w\" sizes=\"auto, (max-width: 200px) 100vw, 200px\" \/>Der Tr\u00f6delmarkt im Rosengarten ist bei sch\u00f6nem Wetter ein beliebter Tr\u00f6delmarkt und Babybasar f\u00fcr die ganze Familien. Im wundersch\u00f6nen Rosengarten verteilen sich die St\u00e4nde weitl\u00e4ufig im ganzen Park. Der Aufbau ist ab 11.00 Uhr, nicht fr\u00fcher und der Markt geht etwa bis 16.30 Uhr.<\/p>\r\n<p>Die <a href=\"https:\/\/spielundactionev.de\/?page_id=43\">K\u00e4seglocke<\/a> bietet vorne am Haus leckeren selbstgebackenen Kuchen, meist Suppe oder W\u00fcrstchen und Kaffee und Getr\u00e4nke. Eine Sitzecke l\u00e4dt zum Ausruhen ein. Der Erl\u00f6s flie\u00dft zu 100 % in&nbsp;unsere Arbeit&nbsp;in der <a href=\"https:\/\/spielundactionev.de\/?page_id=43\">K\u00e4seglocke<\/a>.<\/p>\r\n<p>Aktuell setzen sich viele verschiedene Menschen daf\u00fcr ein das wir eine Genehmigung bekommen und wir hoffen das es 2026 wieder losgehen kann.&nbsp;<\/p>\r\n<p>Sobald es wieder los geht, finden Sie die Termine hier!<br><br><br><\/p>\r\n<center><iframe loading=\"lazy\" style=\"border: 0;\" src=\"https:\/\/www.google.com\/maps\/embed?pb=!1m18!1m12!1m3!1d2432.193233868428!2d13.341682915762933!3d52.43941427979904!2m3!1f0!2f0!3f0!3m2!1i1024!2i768!4f13.1!3m3!1m2!1s0x47a85ac73274e2d1%3A0xe5b4428c17eecc12!2sK%C3%A4seglocke%2C%20Kinder-%20Jugend-%20und%20Familientreff!5e0!3m2!1sde!2sde!4v1642262010806!5m2!1sde!2sde\" width=\"600\" height=\"450\" allowfullscreen=\"allowfullscreen\"><\/iframe><\/center><center><\/center><center><\/center><center><\/center><center><\/center><center><\/center><center>&nbsp;<\/center>","protected":false},"excerpt":{"rendered":"<p>Tr\u00f6delmarkt und Babybasar in wundersch\u00f6ner Parkanlage Der Tr\u00f6delmarkt im Rosengarten ist bei sch\u00f6nem Wetter ein beliebter Tr\u00f6delmarkt und Babybasar f\u00fcr die ganze Familien. Im wundersch\u00f6nen Rosengarten verteilen sich die St\u00e4nde weitl\u00e4ufig im ganzen Park. Der Aufbau ist ab 11.00 Uhr, nicht fr\u00fcher und der Markt geht etwa bis 16.30 Uhr. Die K\u00e4seglocke bietet vorne am &hellip; <\/p>\n<p class=\"link-more\"><a href=\"https:\/\/spielundactionev.de\/?page_id=56\" class=\"more-link\"><span class=\"screen-reader-text\">\u201eTr\u00f6delmarkt im Rosengarten\u201c <\/span>weiterlesen<\/a><\/p>\n","protected":false},"author":2,"featured_media":0,"parent":54,"menu_order":1,"comment_status":"closed","ping_status":"closed","template":"","meta":{"ngg_post_thumbnail":0,"footnotes":""},"class_list":["post-56","page","type-page","status-publish","hentry"],"_links":{"self":[{"href":"https:\/\/spielundactionev.de\/index.php?rest_route=\/wp\/v2\/pages\/56","targetHints":{"allow":["GET"]}}],"collection":[{"href":"https:\/\/spielundactionev.de\/index.php?rest_route=\/wp\/v2\/pages"}],"about":[{"href":"https:\/\/spielundactionev.de\/index.php?rest_route=\/wp\/v2\/types\/page"}],"author":[{"embeddable":true,"href":"https:\/\/spielundactionev.de\/index.php?rest_route=\/wp\/v2\/users\/2"}],"replies":[{"embeddable":true,"href":"https:\/\/spielundactionev.de\/index.php?rest_route=%2Fwp%2Fv2%2Fcomments&post=56"}],"version-history":[{"count":11,"href":"https:\/\/spielundactionev.de\/index.php?rest_route=\/wp\/v2\/pages\/56\/revisions"}],"predecessor-version":[{"id":955,"href":"https:\/\/spielundactionev.de\/index.php?rest_route=\/wp\/v2\/pages\/56\/revisions\/955"}],"up":[{"embeddable":true,"href":"https:\/\/spielundactionev.de\/index.php?rest_route=\/wp\/v2\/pages\/54"}],"wp:attachment":[{"href":"https:\/\/spielundactionev.de\/index.php?rest_route=%2Fwp%2Fv2%2Fmedia&parent=56"}],"curies":[{"name":"wp","href":"https:\/\/api.w.org\/{rel}","templated":true}]}}