{"id":58,"date":"2022-01-10T13:22:48","date_gmt":"2022-01-10T12:22:48","guid":{"rendered":"https:\/\/spielundactionev.de\/?page_id=58"},"modified":"2023-04-12T14:46:54","modified_gmt":"2023-04-12T12:46:54","slug":"halloweenboerse","status":"publish","type":"page","link":"https:\/\/spielundactionev.de\/?page_id=58","title":{"rendered":"Halloweenb\u00f6rse"},"content":{"rendered":"\r\n<p><strong>Einmal im Jahr verwandelt sich unsere kleine K\u00e4seglocke in ein Gruselschl\u00f6sschen der besonderen Art<\/strong>&nbsp;<\/p>\r\n<p>Wir putzen uns richtig fein heraus. Abgedunkelte Fenster, Spinnenweben \u00fcberall, schummeriges Licht und ein k\u00f6stliches Buffet aus schimmligem Kuchen, Fingerw\u00fcrstchen, W\u00fcrmer in buntem Schleim und vielen anderen Leckereien erwarten die hungrigen G\u00e4ste. Die ganz Mutigen d\u00fcrfen sich in unserem Grusellabyrinth umsehen &#8230; aber ganz vorsichtig, hinter jeder Ecke k\u00f6nnten gruselige \u00dcberraschungen lauern. Aber die gute Nachricht, unsere Monster sind ganz lieb und es sind bisher alle dem schaurigen Labyrinth entkommen.<br><br><img loading=\"lazy\" decoding=\"async\" class=\"wp-image-353 aligncenter\" src=\"https:\/\/spielundactionev.de\/wp-content\/uploads\/2022\/01\/halloween-300x225.png\" alt=\"\" width=\"479\" height=\"359\" srcset=\"https:\/\/spielundactionev.de\/wp-content\/uploads\/2022\/01\/halloween-300x225.png 300w, https:\/\/spielundactionev.de\/wp-content\/uploads\/2022\/01\/halloween-1024x768.png 1024w, https:\/\/spielundactionev.de\/wp-content\/uploads\/2022\/01\/halloween-768x576.png 768w, https:\/\/spielundactionev.de\/wp-content\/uploads\/2022\/01\/halloween.png 1440w\" sizes=\"auto, (max-width: 479px) 100vw, 479px\" \/><\/p>\r\n<p>An unserem zauberhaften Verkaufsstand kann man zwischen ausgew\u00e4hlten Kostbarkeiten zum Thema Halloween st\u00f6bern und vielleicht noch das eine oder andere f\u00fcr die eigene Halloweenparty abstauben.<\/p>\r\n<p>Sobald der Termin feststeht, werden wir ihn hier bekannt geben.<\/p>\r\n<p>&nbsp;<\/p>\r\n<center><iframe loading=\"lazy\" style=\"border: 0;\" src=\"https:\/\/www.google.com\/maps\/embed?pb=!1m18!1m12!1m3!1d2432.193233868428!2d13.341682915762933!3d52.43941427979904!2m3!1f0!2f0!3f0!3m2!1i1024!2i768!4f13.1!3m3!1m2!1s0x47a85ac73274e2d1%3A0xe5b4428c17eecc12!2sK%C3%A4seglocke%2C%20Kinder-%20Jugend-%20und%20Familientreff!5e0!3m2!1sde!2sde!4v1642262010806!5m2!1sde!2sde\" width=\"600\" height=\"450\" allowfullscreen=\"allowfullscreen\"><\/iframe> &nbsp;<\/center>\r\n<p>&nbsp;<\/p>\r\n<p>&nbsp;<\/p>\r\n<p>&nbsp;<\/p>\r\n<p>&nbsp;<\/p>\r\n","protected":false},"excerpt":{"rendered":"<p>Einmal im Jahr verwandelt sich unsere kleine K\u00e4seglocke in ein Gruselschl\u00f6sschen der besonderen Art&nbsp; Wir putzen uns richtig fein heraus. Abgedunkelte Fenster, Spinnenweben \u00fcberall, schummeriges Licht und ein k\u00f6stliches Buffet aus schimmligem Kuchen, Fingerw\u00fcrstchen, W\u00fcrmer in buntem Schleim und vielen anderen Leckereien erwarten die hungrigen G\u00e4ste. Die ganz Mutigen d\u00fcrfen sich in unserem Grusellabyrinth umsehen &hellip; <\/p>\n<p class=\"link-more\"><a href=\"https:\/\/spielundactionev.de\/?page_id=58\" class=\"more-link\"><span class=\"screen-reader-text\">\u201eHalloweenb\u00f6rse\u201c <\/span>weiterlesen<\/a><\/p>\n","protected":false},"author":2,"featured_media":0,"parent":54,"menu_order":3,"comment_status":"closed","ping_status":"closed","template":"","meta":{"ngg_post_thumbnail":0,"footnotes":""},"class_list":["post-58","page","type-page","status-publish","hentry"],"_links":{"self":[{"href":"https:\/\/spielundactionev.de\/index.php?rest_route=\/wp\/v2\/pages\/58","targetHints":{"allow":["GET"]}}],"collection":[{"href":"https:\/\/spielundactionev.de\/index.php?rest_route=\/wp\/v2\/pages"}],"about":[{"href":"https:\/\/spielundactionev.de\/index.php?rest_route=\/wp\/v2\/types\/page"}],"author":[{"embeddable":true,"href":"https:\/\/spielundactionev.de\/index.php?rest_route=\/wp\/v2\/users\/2"}],"replies":[{"embeddable":true,"href":"https:\/\/spielundactionev.de\/index.php?rest_route=%2Fwp%2Fv2%2Fcomments&post=58"}],"version-history":[{"count":11,"href":"https:\/\/spielundactionev.de\/index.php?rest_route=\/wp\/v2\/pages\/58\/revisions"}],"predecessor-version":[{"id":856,"href":"https:\/\/spielundactionev.de\/index.php?rest_route=\/wp\/v2\/pages\/58\/revisions\/856"}],"up":[{"embeddable":true,"href":"https:\/\/spielundactionev.de\/index.php?rest_route=\/wp\/v2\/pages\/54"}],"wp:attachment":[{"href":"https:\/\/spielundactionev.de\/index.php?rest_route=%2Fwp%2Fv2%2Fmedia&parent=58"}],"curies":[{"name":"wp","href":"https:\/\/api.w.org\/{rel}","templated":true}]}}