{"id":60,"date":"2022-01-10T13:23:44","date_gmt":"2022-01-10T12:23:44","guid":{"rendered":"https:\/\/spielundactionev.de\/?page_id=60"},"modified":"2025-12-02T12:20:40","modified_gmt":"2025-12-02T11:20:40","slug":"schmuckboerse","status":"publish","type":"page","link":"https:\/\/spielundactionev.de\/?page_id=60","title":{"rendered":"Schmuckb\u00f6rse"},"content":{"rendered":"\r\n<p><strong>Das Projekt &#8222;Sch\u00e4tze f\u00fcr Kids &#8211; Schatzkammer in der K\u00e4seglocke&#8220; ist ein sch\u00f6nes Projekt zur Unterst\u00fctzung unserer Arbeit<\/strong><\/p>\r\n<p><strong><img loading=\"lazy\" decoding=\"async\" class=\"size-medium wp-image-313 alignleft\" src=\"https:\/\/spielundactionev.de\/wp-content\/uploads\/2022\/01\/schmuck2-225x300.png\" alt=\"\" width=\"225\" height=\"300\" srcset=\"https:\/\/spielundactionev.de\/wp-content\/uploads\/2022\/01\/schmuck2-225x300.png 225w, https:\/\/spielundactionev.de\/wp-content\/uploads\/2022\/01\/schmuck2.png 300w\" sizes=\"auto, (max-width: 225px) 100vw, 225px\" \/><\/strong><\/p>\r\n<p>Das ganze Jahr \u00fcber spenden uns Menschen Schmuck aller Art: Modeschmuck, Strassschmuck, Perlenketten, echten Schmuck, Ringe, Ketten und vieles mehr.<\/p>\r\n<p>Viele Sachen sind gut erhalten, aber wir freuen uns auch \u00fcber defekte Sachen, einzelne Perlen oder Schmuck zum Restaurieren.<\/p>\r\n<p>Diese Schmuckst\u00fccke werden dann gesammelt, gereinigt und aufgearbeitet und Ende des Jahres in einer gro\u00dfen Schatzkammer in der K\u00e4seglocke verkauft.&nbsp;<\/p>\r\n<p>Der Erl\u00f6s flie\u00dft komplett in unsere&nbsp;gemeinn\u00fctzige Arbeit!<\/p>\r\n<p>Wer gerne etwas spenden mag, kann es einfach in der <a href=\"https:\/\/spielundactionev.de\/?page_id=43\">K\u00e4seglocke<\/a> zu den&nbsp;\u00d6ffnungszeiten&nbsp;abgeben oder uns schicken:<\/p>\r\n<div>Jugendfreizeitheim K\u00e4seglocke<\/div>\r\n<div>z.Hd. Frau Westphal<\/div>\r\n<div>Leonorenstrasse 65<\/div>\r\n<div>12247 Berlin<\/div>\r\n<div><strong>&nbsp;<\/strong><\/div>\r\n<div>&nbsp;<\/div>\r\n<div>&nbsp;<\/div>\r\n<div><img loading=\"lazy\" decoding=\"async\" class=\"size-medium wp-image-314 alignright\" src=\"https:\/\/spielundactionev.de\/wp-content\/uploads\/2022\/01\/schmuck1-225x300.png\" alt=\"\" width=\"225\" height=\"300\" srcset=\"https:\/\/spielundactionev.de\/wp-content\/uploads\/2022\/01\/schmuck1-225x300.png 225w, https:\/\/spielundactionev.de\/wp-content\/uploads\/2022\/01\/schmuck1.png 300w\" sizes=\"auto, (max-width: 225px) 100vw, 225px\" \/>Wir freuen uns wirklich \u00fcber alle Arten von Schmuck (auch z.B. zerbrochene Silberringreste oder gerissene Ketten), denn diese leisten einen wichtigen Beitrag, damit wir das Programm, das wir anbieten auch finanzieren k\u00f6nnen, bzw. ausbauen.<\/div>\r\n<div>&nbsp;<\/div>\r\n<div>Die n\u00e4chste Schatzkammer in der K\u00e4seglocke findet leider wegen eines Heizungsrohrbruch und den damit verbundenen Bauarbeiten nur in Mini statt in Verbindung mit der Tr\u00f6delstube.<\/div>\r\n<div>&nbsp;<\/div>\r\n<div>13.12.2025<br>12.00 &#8211; 16.00 Uhr&nbsp;<br>KiJuFam K\u00e4seglocke<br>Leonorenstr. 65<br>12247 Berlin<\/div>\r\n<div>&nbsp;<\/div>\r\n<div>&nbsp;<\/div>\r\n<div>&nbsp;<\/div>\r\n<div>\r\n<p><img loading=\"lazy\" decoding=\"async\" class=\"wp-image-972 size-full\" src=\"https:\/\/spielundactionev.de\/wp-content\/uploads\/2025\/12\/Picsart_25-12-02_12-16-25-505.jpg\" alt=\"\" width=\"1772\" height=\"1264\" srcset=\"https:\/\/spielundactionev.de\/wp-content\/uploads\/2025\/12\/Picsart_25-12-02_12-16-25-505.jpg 1772w, https:\/\/spielundactionev.de\/wp-content\/uploads\/2025\/12\/Picsart_25-12-02_12-16-25-505-300x214.jpg 300w, https:\/\/spielundactionev.de\/wp-content\/uploads\/2025\/12\/Picsart_25-12-02_12-16-25-505-1024x730.jpg 1024w, https:\/\/spielundactionev.de\/wp-content\/uploads\/2025\/12\/Picsart_25-12-02_12-16-25-505-768x548.jpg 768w, https:\/\/spielundactionev.de\/wp-content\/uploads\/2025\/12\/Picsart_25-12-02_12-16-25-505-1536x1096.jpg 1536w\" sizes=\"auto, (max-width: 767px) 89vw, (max-width: 1000px) 54vw, (max-width: 1071px) 543px, 580px\" \/><\/p>\r\n<\/div>\r\n<div>&nbsp;<\/div>\r\n<center><\/center><center><\/center><center><\/center><center><iframe loading=\"lazy\" style=\"border: 0;\" src=\"https:\/\/www.google.com\/maps\/embed?pb=!1m18!1m12!1m3!1d2432.193233868428!2d13.341682915762933!3d52.43941427979904!2m3!1f0!2f0!3f0!3m2!1i1024!2i768!4f13.1!3m3!1m2!1s0x47a85ac73274e2d1%3A0xe5b4428c17eecc12!2sK%C3%A4seglocke%2C%20Kinder-%20Jugend-%20und%20Familientreff!5e0!3m2!1sde!2sde!4v1642262010806!5m2!1sde!2sde\" width=\"600\" height=\"450\" allowfullscreen=\"allowfullscreen\"><\/iframe> &nbsp;<\/center>\r\n<div>&nbsp;<\/div>\r\n<div>&nbsp;<\/div>\r\n<div>&nbsp;<\/div>\r\n<div>&nbsp;<\/div>\r\n","protected":false},"excerpt":{"rendered":"<p>Das Projekt &#8222;Sch\u00e4tze f\u00fcr Kids &#8211; Schatzkammer in der K\u00e4seglocke&#8220; ist ein sch\u00f6nes Projekt zur Unterst\u00fctzung unserer Arbeit Das ganze Jahr \u00fcber spenden uns Menschen Schmuck aller Art: Modeschmuck, Strassschmuck, Perlenketten, echten Schmuck, Ringe, Ketten und vieles mehr. Viele Sachen sind gut erhalten, aber wir freuen uns auch \u00fcber defekte Sachen, einzelne Perlen oder Schmuck &hellip; <\/p>\n<p class=\"link-more\"><a href=\"https:\/\/spielundactionev.de\/?page_id=60\" class=\"more-link\"><span class=\"screen-reader-text\">\u201eSchmuckb\u00f6rse\u201c <\/span>weiterlesen<\/a><\/p>\n","protected":false},"author":2,"featured_media":0,"parent":54,"menu_order":0,"comment_status":"closed","ping_status":"closed","template":"","meta":{"ngg_post_thumbnail":0,"footnotes":""},"class_list":["post-60","page","type-page","status-publish","hentry"],"_links":{"self":[{"href":"https:\/\/spielundactionev.de\/index.php?rest_route=\/wp\/v2\/pages\/60","targetHints":{"allow":["GET"]}}],"collection":[{"href":"https:\/\/spielundactionev.de\/index.php?rest_route=\/wp\/v2\/pages"}],"about":[{"href":"https:\/\/spielundactionev.de\/index.php?rest_route=\/wp\/v2\/types\/page"}],"author":[{"embeddable":true,"href":"https:\/\/spielundactionev.de\/index.php?rest_route=\/wp\/v2\/users\/2"}],"replies":[{"embeddable":true,"href":"https:\/\/spielundactionev.de\/index.php?rest_route=%2Fwp%2Fv2%2Fcomments&post=60"}],"version-history":[{"count":15,"href":"https:\/\/spielundactionev.de\/index.php?rest_route=\/wp\/v2\/pages\/60\/revisions"}],"predecessor-version":[{"id":973,"href":"https:\/\/spielundactionev.de\/index.php?rest_route=\/wp\/v2\/pages\/60\/revisions\/973"}],"up":[{"embeddable":true,"href":"https:\/\/spielundactionev.de\/index.php?rest_route=\/wp\/v2\/pages\/54"}],"wp:attachment":[{"href":"https:\/\/spielundactionev.de\/index.php?rest_route=%2Fwp%2Fv2%2Fmedia&parent=60"}],"curies":[{"name":"wp","href":"https:\/\/api.w.org\/{rel}","templated":true}]}}