{"id":64,"date":"2022-01-10T13:26:36","date_gmt":"2022-01-10T12:26:36","guid":{"rendered":"https:\/\/spielundactionev.de\/?page_id=64"},"modified":"2023-04-12T14:40:24","modified_gmt":"2023-04-12T12:40:24","slug":"kiezfest","status":"publish","type":"page","link":"https:\/\/spielundactionev.de\/?page_id=64","title":{"rendered":"Kiezfest"},"content":{"rendered":"\r\n<p><strong>Kiezfest mit Marktplatz der Ideen in Zusammenarbeit mit dem Runden Tisch Lankwitz-S\u00fcdende<\/strong><\/p>\r\n<p>Das Kiezfest wird seit 2011 jedes Jahr im Fr\u00fchling von dem <a href=\"https:\/\/spielundactionev.de\/?page_id=43\">KiJuFam K\u00e4seglocke<\/a> &#8211; Spiel &amp; Action e.V. und dem <a href=\"https:\/\/spielundactionev.de\/?page_id=45\">Runden Tisch Lankwitz S\u00fcdende<\/a> veranstaltet. Im wundersch\u00f6nen Rosengarten pr\u00e4sentieren sich an \u00fcberdachten Marktst\u00e4nden diverse Einrichtungen, Initiativen und Menschen aus dem Kiez. Erg\u00e4nzt wird das Programm mit einigen Kunsthandwerkern aus verschiedensten Bereichen. Es gibt spannende Informationen, viele Aktionen zum Mitmachen, Karaoke, Bobby-Car-Rennen, Kinderschminken, Kaffee und Kuchen, leckere Suppe und andere Leckereien, eine Bastelstrasse, Spiele f\u00fcr Kinder, einen <a href=\"https:\/\/spielundactionev.de\/?page_id=41\">Spendenverkaufsstand<\/a> von Spiel &amp; Action e.V. und einiges mehr.<\/p>\r\n<p><img loading=\"lazy\" decoding=\"async\" class=\"wp-image-357 aligncenter\" src=\"https:\/\/spielundactionev.de\/wp-content\/uploads\/2022\/01\/kiezfest-300x195.png\" alt=\"\" width=\"471\" height=\"306\" srcset=\"https:\/\/spielundactionev.de\/wp-content\/uploads\/2022\/01\/kiezfest-300x195.png 300w, https:\/\/spielundactionev.de\/wp-content\/uploads\/2022\/01\/kiezfest-768x498.png 768w, https:\/\/spielundactionev.de\/wp-content\/uploads\/2022\/01\/kiezfest.png 960w\" sizes=\"auto, (max-width: 471px) 100vw, 471px\" \/><\/p>\r\n<p>Der n\u00e4chste Termin steht noch nicht fest, wir danken f\u00fcr Ihr Verst\u00e4ndnis!<\/p>\r\n<p>&nbsp;<\/p>\r\n<center><iframe loading=\"lazy\" style=\"border: 0;\" src=\"https:\/\/www.google.com\/maps\/embed?pb=!1m18!1m12!1m3!1d2432.193233868428!2d13.341682915762933!3d52.43941427979904!2m3!1f0!2f0!3f0!3m2!1i1024!2i768!4f13.1!3m3!1m2!1s0x47a85ac73274e2d1%3A0xe5b4428c17eecc12!2sK%C3%A4seglocke%2C%20Kinder-%20Jugend-%20und%20Familientreff!5e0!3m2!1sde!2sde!4v1642262010806!5m2!1sde!2sde\" width=\"600\" height=\"450\" allowfullscreen=\"allowfullscreen\"><\/iframe> &nbsp;<\/center>\r\n<p>&nbsp;<\/p>\r\n<p>&nbsp;<\/p>\r\n<p>&nbsp;<\/p>\r\n<p>&nbsp;<\/p>\r\n","protected":false},"excerpt":{"rendered":"<p>Kiezfest mit Marktplatz der Ideen in Zusammenarbeit mit dem Runden Tisch Lankwitz-S\u00fcdende Das Kiezfest wird seit 2011 jedes Jahr im Fr\u00fchling von dem KiJuFam K\u00e4seglocke &#8211; Spiel &amp; Action e.V. und dem Runden Tisch Lankwitz S\u00fcdende veranstaltet. Im wundersch\u00f6nen Rosengarten pr\u00e4sentieren sich an \u00fcberdachten Marktst\u00e4nden diverse Einrichtungen, Initiativen und Menschen aus dem Kiez. Erg\u00e4nzt wird &hellip; <\/p>\n<p class=\"link-more\"><a href=\"https:\/\/spielundactionev.de\/?page_id=64\" class=\"more-link\"><span class=\"screen-reader-text\">\u201eKiezfest\u201c <\/span>weiterlesen<\/a><\/p>\n","protected":false},"author":2,"featured_media":0,"parent":54,"menu_order":0,"comment_status":"closed","ping_status":"closed","template":"","meta":{"ngg_post_thumbnail":0,"footnotes":""},"class_list":["post-64","page","type-page","status-publish","hentry"],"_links":{"self":[{"href":"https:\/\/spielundactionev.de\/index.php?rest_route=\/wp\/v2\/pages\/64","targetHints":{"allow":["GET"]}}],"collection":[{"href":"https:\/\/spielundactionev.de\/index.php?rest_route=\/wp\/v2\/pages"}],"about":[{"href":"https:\/\/spielundactionev.de\/index.php?rest_route=\/wp\/v2\/types\/page"}],"author":[{"embeddable":true,"href":"https:\/\/spielundactionev.de\/index.php?rest_route=\/wp\/v2\/users\/2"}],"replies":[{"embeddable":true,"href":"https:\/\/spielundactionev.de\/index.php?rest_route=%2Fwp%2Fv2%2Fcomments&post=64"}],"version-history":[{"count":11,"href":"https:\/\/spielundactionev.de\/index.php?rest_route=\/wp\/v2\/pages\/64\/revisions"}],"predecessor-version":[{"id":853,"href":"https:\/\/spielundactionev.de\/index.php?rest_route=\/wp\/v2\/pages\/64\/revisions\/853"}],"up":[{"embeddable":true,"href":"https:\/\/spielundactionev.de\/index.php?rest_route=\/wp\/v2\/pages\/54"}],"wp:attachment":[{"href":"https:\/\/spielundactionev.de\/index.php?rest_route=%2Fwp%2Fv2%2Fmedia&parent=64"}],"curies":[{"name":"wp","href":"https:\/\/api.w.org\/{rel}","templated":true}]}}