{"id":66,"date":"2022-01-10T13:27:11","date_gmt":"2022-01-10T12:27:11","guid":{"rendered":"https:\/\/spielundactionev.de\/?page_id=66"},"modified":"2025-10-17T08:47:25","modified_gmt":"2025-10-17T06:47:25","slug":"marktplatz-der-ideen","status":"publish","type":"page","link":"https:\/\/spielundactionev.de\/?page_id=66","title":{"rendered":"Rede mit in Lankwitz"},"content":{"rendered":"\r\n<p><strong>Gemeinsam mehr bewegen &#8211; Ideen entwickeln und ins Gespr\u00e4ch kommen<\/strong><\/p>\r\n<p>Die Idee von Rede mit in Lankwitz entstand beim <a href=\"https:\/\/spielundactionev.de\/?page_id=45\">Runden Tisch Lankwitz<\/a> S\u00fcdende, als Marktplatz der Ideen. Vom Marktplatz der Ideen, \u00fcber die Zukunftswerkstatt Lankwitz haben wir jetzt das Projekt &#8222;Rede mit in Lankwitz&#8220; entwickelt. Bei verschiedenen Veranstaltungen haben Sie die M\u00f6glichkeit, sich zu begegnen, Ideen auszutauschen und Verabredungen zu treffen, gemeinsam etwas f\u00fcr den Kiez zu bewegen.&nbsp;<\/p>\r\n<p>Wir haben in 2025 soviel um die Ohren gehabt das wir Rede mit in Lankwitz und S\u00fcdende kurzerhand absagen mussten .&nbsp;<br><br><\/p>\r\n<p><img loading=\"lazy\" decoding=\"async\" class=\"size-medium wp-image-434 aligncenter\" src=\"https:\/\/spielundactionev.de\/wp-content\/uploads\/2022\/01\/willkommen-263x300.png\" alt=\"\" width=\"263\" height=\"300\" srcset=\"https:\/\/spielundactionev.de\/wp-content\/uploads\/2022\/01\/willkommen-263x300.png 263w, https:\/\/spielundactionev.de\/wp-content\/uploads\/2022\/01\/willkommen.png 458w\" sizes=\"auto, (max-width: 263px) 100vw, 263px\" \/><br><br><br>Wenn Sie mehr dar\u00fcber wissen wollen laden wir Sie auf die Webseite vom<a href=\"https:\/\/www.zukunft-lankwitz.de\/?page_id=966\" target=\"_blank\" rel=\"noopener\"> Rede mit in Lankwitz<\/a>&nbsp;(dieser Link f\u00fchrt sie auf die Erkl\u00e4rungsseite des Marktplatz der Ideen bei <a href=\"https:\/\/www.zukunft-lankwitz.de\/\" target=\"_blank\" rel=\"noopener\">www.zukunft-lankwitz.de<\/a>) auf der Webseite des Runden Tisch Lankwitz-S\u00fcdende ein.&nbsp;<\/p>\r\n<p>&nbsp;<\/p>\r\n<center><iframe loading=\"lazy\" style=\"border: 0;\" src=\"https:\/\/www.google.com\/maps\/embed?pb=!1m18!1m12!1m3!1d2432.193233868428!2d13.341682915762933!3d52.43941427979904!2m3!1f0!2f0!3f0!3m2!1i1024!2i768!4f13.1!3m3!1m2!1s0x47a85ac73274e2d1%3A0xe5b4428c17eecc12!2sK%C3%A4seglocke%2C%20Kinder-%20Jugend-%20und%20Familientreff!5e0!3m2!1sde!2sde!4v1642262010806!5m2!1sde!2sde\" width=\"600\" height=\"450\" allowfullscreen=\"allowfullscreen\"><\/iframe> &nbsp;<\/center>\r\n<p>&nbsp;<\/p>\r\n<p>&nbsp;<\/p>\r\n<p>&nbsp;<\/p>\r\n","protected":false},"excerpt":{"rendered":"<p>Gemeinsam mehr bewegen &#8211; Ideen entwickeln und ins Gespr\u00e4ch kommen Die Idee von Rede mit in Lankwitz entstand beim Runden Tisch Lankwitz S\u00fcdende, als Marktplatz der Ideen. Vom Marktplatz der Ideen, \u00fcber die Zukunftswerkstatt Lankwitz haben wir jetzt das Projekt &#8222;Rede mit in Lankwitz&#8220; entwickelt. Bei verschiedenen Veranstaltungen haben Sie die M\u00f6glichkeit, sich zu begegnen, &hellip; <\/p>\n<p class=\"link-more\"><a href=\"https:\/\/spielundactionev.de\/?page_id=66\" class=\"more-link\"><span class=\"screen-reader-text\">\u201eRede mit in Lankwitz\u201c <\/span>weiterlesen<\/a><\/p>\n","protected":false},"author":2,"featured_media":0,"parent":54,"menu_order":0,"comment_status":"closed","ping_status":"closed","template":"","meta":{"ngg_post_thumbnail":0,"footnotes":""},"class_list":["post-66","page","type-page","status-publish","hentry"],"_links":{"self":[{"href":"https:\/\/spielundactionev.de\/index.php?rest_route=\/wp\/v2\/pages\/66","targetHints":{"allow":["GET"]}}],"collection":[{"href":"https:\/\/spielundactionev.de\/index.php?rest_route=\/wp\/v2\/pages"}],"about":[{"href":"https:\/\/spielundactionev.de\/index.php?rest_route=\/wp\/v2\/types\/page"}],"author":[{"embeddable":true,"href":"https:\/\/spielundactionev.de\/index.php?rest_route=\/wp\/v2\/users\/2"}],"replies":[{"embeddable":true,"href":"https:\/\/spielundactionev.de\/index.php?rest_route=%2Fwp%2Fv2%2Fcomments&post=66"}],"version-history":[{"count":19,"href":"https:\/\/spielundactionev.de\/index.php?rest_route=\/wp\/v2\/pages\/66\/revisions"}],"predecessor-version":[{"id":956,"href":"https:\/\/spielundactionev.de\/index.php?rest_route=\/wp\/v2\/pages\/66\/revisions\/956"}],"up":[{"embeddable":true,"href":"https:\/\/spielundactionev.de\/index.php?rest_route=\/wp\/v2\/pages\/54"}],"wp:attachment":[{"href":"https:\/\/spielundactionev.de\/index.php?rest_route=%2Fwp%2Fv2%2Fmedia&parent=66"}],"curies":[{"name":"wp","href":"https:\/\/api.w.org\/{rel}","templated":true}]}}