{"id":81,"date":"2022-01-10T14:17:15","date_gmt":"2022-01-10T13:17:15","guid":{"rendered":"https:\/\/spielundactionev.de\/?page_id=81"},"modified":"2022-01-12T13:44:01","modified_gmt":"2022-01-12T12:44:01","slug":"kontakt","status":"publish","type":"page","link":"https:\/\/spielundactionev.de\/?page_id=81","title":{"rendered":"Kontakt"},"content":{"rendered":"\r\n<p><img loading=\"lazy\" decoding=\"async\" class=\"size-medium wp-image-323 alignright\" src=\"https:\/\/spielundactionev.de\/wp-content\/uploads\/2022\/01\/kontakt-300x255.png\" alt=\"\" width=\"300\" height=\"255\" srcset=\"https:\/\/spielundactionev.de\/wp-content\/uploads\/2022\/01\/kontakt-300x255.png 300w, https:\/\/spielundactionev.de\/wp-content\/uploads\/2022\/01\/kontakt-768x653.png 768w, https:\/\/spielundactionev.de\/wp-content\/uploads\/2022\/01\/kontakt.png 853w\" sizes=\"auto, (max-width: 300px) 100vw, 300px\" \/>Sie haben ein Anliegen, was Sie mit uns besprechen m\u00f6chten?<br>Sie sind in der Ausbildung zum\/zur Erzieher*in oder Studium der sozialen Arbeit und suchen einen Praktikumsplatz?<br>Sie haben Hausrat, gut erhaltene Kleidung, Spielwaren oder \u00c4hnliches, was Sie gerne abgeben m\u00f6chten?&nbsp;<br><br>Dann sind sie hier richtig. Nehmen Sie mit uns Kontakt auf:<br><br><a href=\"https:\/\/spielundactionev.de\/?page_id=83\">Pers\u00f6nlich<\/a>&nbsp; -&gt; Hier finden Sie uns, mitsamt unseren Schwerpunkten<br><br><a href=\"https:\/\/spielundactionev.de\/?page_id=87\">Praktikum<\/a> -&gt; Erfahren Sie, wie und wo Sie sich bei uns bewerben k\u00f6nnen<br><br><a href=\"https:\/\/spielundactionev.de\/?page_id=85\">Spendenabgabe<\/a> -&gt; Hier k\u00f6nnen Sie rausfinden, wie und wo Sie Ihre Spenden abgeben k\u00f6nnen<\/p>\r\n<p>&nbsp;<\/p>\r\n","protected":false},"excerpt":{"rendered":"<p>Sie haben ein Anliegen, was Sie mit uns besprechen m\u00f6chten?Sie sind in der Ausbildung zum\/zur Erzieher*in oder Studium der sozialen Arbeit und suchen einen Praktikumsplatz?Sie haben Hausrat, gut erhaltene Kleidung, Spielwaren oder \u00c4hnliches, was Sie gerne abgeben m\u00f6chten?&nbsp; Dann sind sie hier richtig. Nehmen Sie mit uns Kontakt auf: Pers\u00f6nlich&nbsp; -&gt; Hier finden Sie uns, &hellip; <\/p>\n<p class=\"link-more\"><a href=\"https:\/\/spielundactionev.de\/?page_id=81\" class=\"more-link\"><span class=\"screen-reader-text\">\u201eKontakt\u201c <\/span>weiterlesen<\/a><\/p>\n","protected":false},"author":2,"featured_media":0,"parent":0,"menu_order":0,"comment_status":"closed","ping_status":"closed","template":"","meta":{"ngg_post_thumbnail":0,"footnotes":""},"class_list":["post-81","page","type-page","status-publish","hentry"],"_links":{"self":[{"href":"https:\/\/spielundactionev.de\/index.php?rest_route=\/wp\/v2\/pages\/81","targetHints":{"allow":["GET"]}}],"collection":[{"href":"https:\/\/spielundactionev.de\/index.php?rest_route=\/wp\/v2\/pages"}],"about":[{"href":"https:\/\/spielundactionev.de\/index.php?rest_route=\/wp\/v2\/types\/page"}],"author":[{"embeddable":true,"href":"https:\/\/spielundactionev.de\/index.php?rest_route=\/wp\/v2\/users\/2"}],"replies":[{"embeddable":true,"href":"https:\/\/spielundactionev.de\/index.php?rest_route=%2Fwp%2Fv2%2Fcomments&post=81"}],"version-history":[{"count":6,"href":"https:\/\/spielundactionev.de\/index.php?rest_route=\/wp\/v2\/pages\/81\/revisions"}],"predecessor-version":[{"id":341,"href":"https:\/\/spielundactionev.de\/index.php?rest_route=\/wp\/v2\/pages\/81\/revisions\/341"}],"wp:attachment":[{"href":"https:\/\/spielundactionev.de\/index.php?rest_route=%2Fwp%2Fv2%2Fmedia&parent=81"}],"curies":[{"name":"wp","href":"https:\/\/api.w.org\/{rel}","templated":true}]}}