{"id":83,"date":"2022-01-10T14:34:35","date_gmt":"2022-01-10T13:34:35","guid":{"rendered":"https:\/\/spielundactionev.de\/?page_id=83"},"modified":"2022-01-20T11:34:45","modified_gmt":"2022-01-20T10:34:45","slug":"persoenlich","status":"publish","type":"page","link":"https:\/\/spielundactionev.de\/?page_id=83","title":{"rendered":"Pers\u00f6nlich"},"content":{"rendered":"\r\n<p><strong>Sie m\u00f6chten pers\u00f6nlich mit uns in den Kontakt treten? Hier stellen wir uns vor:&nbsp;<\/strong><br><br><img loading=\"lazy\" decoding=\"async\" class=\"wp-image-233 aligncenter\" src=\"https:\/\/spielundactionev.de\/wp-content\/uploads\/2022\/01\/team-300x150.png\" alt=\"\" width=\"396\" height=\"198\" srcset=\"https:\/\/spielundactionev.de\/wp-content\/uploads\/2022\/01\/team-300x150.png 300w, https:\/\/spielundactionev.de\/wp-content\/uploads\/2022\/01\/team-1024x512.png 1024w, https:\/\/spielundactionev.de\/wp-content\/uploads\/2022\/01\/team-768x384.png 768w, https:\/\/spielundactionev.de\/wp-content\/uploads\/2022\/01\/team-1536x768.png 1536w, https:\/\/spielundactionev.de\/wp-content\/uploads\/2022\/01\/team.png 2000w\" sizes=\"auto, (max-width: 396px) 100vw, 396px\" \/><\/p>\r\n<p>&nbsp;<\/p>\r\n<p><strong><a href=\"https:\/\/spielundactionev.de\/?page_id=179\">Silvia H\u00e4rtel<\/a><\/strong><\/p>\r\n<p>Erzieherin und Leitung des&nbsp;<a href=\"https:\/\/spielundactionev.de\/?page_id=43\">KiJuFam K\u00e4seglocke,<\/a>&nbsp; Gesch\u00e4ftsf\u00fchrender Vorstand Spiel und Action e.V., Moderatorin f\u00fcr Prozess- und Organisationsmoderation und Beteiligungsprozesse f\u00fcr Kinder und Jugendliche, Koordinatorin des <a href=\"https:\/\/spielundactionev.de\/?page_id=45\">Runden Tisches Lankwitz-S\u00fcdende<\/a><\/p>\r\n<p>Schwerpunkte:<br><a href=\"https:\/\/spielundactionev.de\/?page_id=188\">digitale Medien<\/a>, Gaming, Youtube und Co, Mobbing, <a href=\"https:\/\/spielundactionev.de\/?page_id=400\">Alkoholpr\u00e4vention<\/a>, Stopmovie \u2013 Filme mit <a href=\"https:\/\/spielundactionev.de\/?page_id=402\">Lego<\/a>, <a href=\"https:\/\/spielundactionev.de\/?page_id=402\">Lego Mindstorm<\/a>, Praktikant*innenanleitung<\/p>\r\n<p>&nbsp;<\/p>\r\n<p><strong><a href=\"https:\/\/spielundactionev.de\/?page_id=165\">Maren Westphal<\/a><\/strong><\/p>\r\n<p>Dipl. Sozialp\u00e4dagogin \/ Sozialarbeiterin \u2013 Gesch\u00e4ftsf\u00fchrender Vorstand Spiel und Action e.V., Koordinatorin des <a href=\"https:\/\/spielundactionev.de\/?page_id=41\">Tr\u00f6del-Basars<\/a><\/p>\r\n<p>Schwerpunkte:<br><a href=\"https:\/\/spielundactionev.de\/?page_id=54\">Veranstaltungen<\/a>, Hochbegabung, Underachievement, ADS und ADHS, <a href=\"https:\/\/spielundactionev.de\/?page_id=149\">Sozialnetwork<\/a><\/p>\r\n<p>&nbsp;<\/p>\r\n<p><strong><a href=\"https:\/\/spielundactionev.de\/?page_id=217\">Bettina Kolle\u00df<\/a><\/strong><\/p>\r\n<p>Koordinatorin der <a href=\"https:\/\/spielundactionev.de\/?page_id=236\">Suppenk\u00fcche f\u00fcr Kids<\/a><\/p>\r\n<p>Schwerpunkte:<br>Suchtberatung Angeh\u00f6riger, Wasserschlachtkoordinatorin, <a href=\"https:\/\/spielundactionev.de\/?page_id=236\">Suppenk\u00fcche f\u00fcr Kids<\/a>,&nbsp; gesunde Ern\u00e4hrung, Autismus<\/p>\r\n<p>&nbsp;<\/p>\r\n<p><img loading=\"lazy\" decoding=\"async\" class=\"size-medium wp-image-323 aligncenter\" src=\"https:\/\/spielundactionev.de\/wp-content\/uploads\/2022\/01\/kontakt-300x255.png\" alt=\"\" width=\"300\" height=\"255\" srcset=\"https:\/\/spielundactionev.de\/wp-content\/uploads\/2022\/01\/kontakt-300x255.png 300w, https:\/\/spielundactionev.de\/wp-content\/uploads\/2022\/01\/kontakt-768x653.png 768w, https:\/\/spielundactionev.de\/wp-content\/uploads\/2022\/01\/kontakt.png 853w\" sizes=\"auto, (max-width: 300px) 100vw, 300px\" \/><\/p>\r\n<p>&nbsp;<\/p>\r\n","protected":false},"excerpt":{"rendered":"<p>Sie m\u00f6chten pers\u00f6nlich mit uns in den Kontakt treten? Hier stellen wir uns vor:&nbsp; &nbsp; Silvia H\u00e4rtel Erzieherin und Leitung des&nbsp;KiJuFam K\u00e4seglocke,&nbsp; Gesch\u00e4ftsf\u00fchrender Vorstand Spiel und Action e.V., Moderatorin f\u00fcr Prozess- und Organisationsmoderation und Beteiligungsprozesse f\u00fcr Kinder und Jugendliche, Koordinatorin des Runden Tisches Lankwitz-S\u00fcdende Schwerpunkte:digitale Medien, Gaming, Youtube und Co, Mobbing, Alkoholpr\u00e4vention, Stopmovie \u2013 Filme &hellip; <\/p>\n<p class=\"link-more\"><a href=\"https:\/\/spielundactionev.de\/?page_id=83\" class=\"more-link\"><span class=\"screen-reader-text\">\u201ePers\u00f6nlich\u201c <\/span>weiterlesen<\/a><\/p>\n","protected":false},"author":2,"featured_media":0,"parent":81,"menu_order":1,"comment_status":"closed","ping_status":"closed","template":"","meta":{"ngg_post_thumbnail":0,"footnotes":""},"class_list":["post-83","page","type-page","status-publish","hentry"],"_links":{"self":[{"href":"https:\/\/spielundactionev.de\/index.php?rest_route=\/wp\/v2\/pages\/83","targetHints":{"allow":["GET"]}}],"collection":[{"href":"https:\/\/spielundactionev.de\/index.php?rest_route=\/wp\/v2\/pages"}],"about":[{"href":"https:\/\/spielundactionev.de\/index.php?rest_route=\/wp\/v2\/types\/page"}],"author":[{"embeddable":true,"href":"https:\/\/spielundactionev.de\/index.php?rest_route=\/wp\/v2\/users\/2"}],"replies":[{"embeddable":true,"href":"https:\/\/spielundactionev.de\/index.php?rest_route=%2Fwp%2Fv2%2Fcomments&post=83"}],"version-history":[{"count":23,"href":"https:\/\/spielundactionev.de\/index.php?rest_route=\/wp\/v2\/pages\/83\/revisions"}],"predecessor-version":[{"id":671,"href":"https:\/\/spielundactionev.de\/index.php?rest_route=\/wp\/v2\/pages\/83\/revisions\/671"}],"up":[{"embeddable":true,"href":"https:\/\/spielundactionev.de\/index.php?rest_route=\/wp\/v2\/pages\/81"}],"wp:attachment":[{"href":"https:\/\/spielundactionev.de\/index.php?rest_route=%2Fwp%2Fv2%2Fmedia&parent=83"}],"curies":[{"name":"wp","href":"https:\/\/api.w.org\/{rel}","templated":true}]}}