{"id":85,"date":"2022-01-10T14:35:00","date_gmt":"2022-01-10T13:35:00","guid":{"rendered":"https:\/\/spielundactionev.de\/?page_id=85"},"modified":"2025-12-09T10:55:05","modified_gmt":"2025-12-09T09:55:05","slug":"spendenabgabe","status":"publish","type":"page","link":"https:\/\/spielundactionev.de\/?page_id=85","title":{"rendered":"Spendenabgabe"},"content":{"rendered":"\r\n<p style=\"text-align: left;\"><strong>Wir freuen uns sehr, wenn Sie unsere Arbeit mit einer Spende unterst\u00fctzen m\u00f6chten!<\/strong><\/p>\r\n<p style=\"text-align: left;\">Sie k\u00f6nnen w\u00e4hrend der \u00d6ffnungszeiten der <a href=\"https:\/\/spielundactionev.de\/?page_id=41\">Tr\u00f6del-Stube<\/a> Spenden abgeben.<\/p>\r\n<p>Dienstag 10.00 &#8211; 12.00 Uhr und 18.00 &#8211; 19.00 Uhr,<\/p>\r\n<p>sowie bei Sonder\u00f6ffnungszeiten.<\/p>\r\n<p style=\"text-align: left;\"><strong><em>Spendenabgaben au\u00dferhalb der \u00d6ffnungszeiten&nbsp; in Ausnahmef\u00e4llen nur mit pers\u00f6nlichem Termin m\u00f6glich!<\/em><\/strong><\/p>\r\n<p style=\"text-align: left;\">Wir nehmen gerne:<img loading=\"lazy\" decoding=\"async\" class=\"wp-image-289 alignright\" src=\"https:\/\/spielundactionev.de\/wp-content\/uploads\/2022\/01\/spenden-300x277.png\" alt=\"\" width=\"263\" height=\"243\" srcset=\"https:\/\/spielundactionev.de\/wp-content\/uploads\/2022\/01\/spenden-300x277.png 300w, https:\/\/spielundactionev.de\/wp-content\/uploads\/2022\/01\/spenden.png 642w\" sizes=\"auto, (max-width: 263px) 100vw, 263px\" \/><\/p>\r\n<ul>\r\n<li style=\"list-style-type: none;\">\r\n<ul style=\"text-align: center;\">\r\n<li style=\"text-align: left;\">haltbare Lebensmittel f\u00fcr unsere <a href=\"https:\/\/spielundactionev.de\/?page_id=236\">Suppenk\u00fcche<\/a><\/li>\r\n<li style=\"text-align: left;\">Gr\u00fcnpflanzen f\u00fcr die K\u00e4seglocke (keine Kakteen)<\/li>\r\n<li style=\"text-align: left;\">Schmuck aller Art, auch defekt oder Einzelteile f\u00fcr unser Projekt <a href=\"https:\/\/spielundactionev.de\/?page_id=60\">Schmuckb\u00f6rse<\/a><\/li>\r\n<li style=\"text-align: left;\">gut erhaltenen Hausrat, Krims-Krams, Kleidung aller Art und Gr\u00f6\u00dfen, Kindersachen f\u00fcr die <a href=\"https:\/\/spielundactionev.de\/?page_id=41\">Tr\u00f6del-Stube<\/a> &#8230;<\/li>\r\n<\/ul>\r\n<\/li>\r\n<\/ul>\r\n<p>Bitte nehmen Sie Kontakt zu <a href=\"https:\/\/spielundactionev.de\/?page_id=165\">Maren Westphal<\/a> auf.<\/p>\r\n<p>Wenn Sie uns gern direkt finanziell unterst\u00fctzen m\u00f6chten:<\/p>\r\n<p>Spiel und Action e.V.<br>Berliner Volksbank<br>IBAN: DE90 1009 0000 3206 1850 06<br>BIC: BEVODEBBXXX<br><br>Vielen Dank f\u00fcr Ihre Unterst\u00fctzung!<\/p>\r\n<p style=\"text-align: center;\">&nbsp;<\/p>\r\n<p>&nbsp;<\/p>\r\n","protected":false},"excerpt":{"rendered":"<p>Wir freuen uns sehr, wenn Sie unsere Arbeit mit einer Spende unterst\u00fctzen m\u00f6chten! Sie k\u00f6nnen w\u00e4hrend der \u00d6ffnungszeiten der Tr\u00f6del-Stube Spenden abgeben. Dienstag 10.00 &#8211; 12.00 Uhr und 18.00 &#8211; 19.00 Uhr, sowie bei Sonder\u00f6ffnungszeiten. Spendenabgaben au\u00dferhalb der \u00d6ffnungszeiten&nbsp; in Ausnahmef\u00e4llen nur mit pers\u00f6nlichem Termin m\u00f6glich! Wir nehmen gerne: haltbare Lebensmittel f\u00fcr unsere Suppenk\u00fcche Gr\u00fcnpflanzen &hellip; <\/p>\n<p class=\"link-more\"><a href=\"https:\/\/spielundactionev.de\/?page_id=85\" class=\"more-link\"><span class=\"screen-reader-text\">\u201eSpendenabgabe\u201c <\/span>weiterlesen<\/a><\/p>\n","protected":false},"author":2,"featured_media":0,"parent":81,"menu_order":3,"comment_status":"closed","ping_status":"closed","template":"","meta":{"ngg_post_thumbnail":0,"footnotes":""},"class_list":["post-85","page","type-page","status-publish","hentry"],"_links":{"self":[{"href":"https:\/\/spielundactionev.de\/index.php?rest_route=\/wp\/v2\/pages\/85","targetHints":{"allow":["GET"]}}],"collection":[{"href":"https:\/\/spielundactionev.de\/index.php?rest_route=\/wp\/v2\/pages"}],"about":[{"href":"https:\/\/spielundactionev.de\/index.php?rest_route=\/wp\/v2\/types\/page"}],"author":[{"embeddable":true,"href":"https:\/\/spielundactionev.de\/index.php?rest_route=\/wp\/v2\/users\/2"}],"replies":[{"embeddable":true,"href":"https:\/\/spielundactionev.de\/index.php?rest_route=%2Fwp%2Fv2%2Fcomments&post=85"}],"version-history":[{"count":10,"href":"https:\/\/spielundactionev.de\/index.php?rest_route=\/wp\/v2\/pages\/85\/revisions"}],"predecessor-version":[{"id":983,"href":"https:\/\/spielundactionev.de\/index.php?rest_route=\/wp\/v2\/pages\/85\/revisions\/983"}],"up":[{"embeddable":true,"href":"https:\/\/spielundactionev.de\/index.php?rest_route=\/wp\/v2\/pages\/81"}],"wp:attachment":[{"href":"https:\/\/spielundactionev.de\/index.php?rest_route=%2Fwp%2Fv2%2Fmedia&parent=85"}],"curies":[{"name":"wp","href":"https:\/\/api.w.org\/{rel}","templated":true}]}}