{"id":969,"date":"2025-12-09T09:45:41","date_gmt":"2025-12-09T08:45:41","guid":{"rendered":"https:\/\/spielundactionev.de\/?page_id=969"},"modified":"2025-12-09T10:34:17","modified_gmt":"2025-12-09T09:34:17","slug":"projekt-goenn-dir","status":"publish","type":"page","link":"https:\/\/spielundactionev.de\/?page_id=969","title":{"rendered":"Projekt: G\u00f6nn Dir"},"content":{"rendered":"<p><img loading=\"lazy\" decoding=\"async\" class=\"aligncenter size-full wp-image-970\" src=\"https:\/\/spielundactionev.de\/wp-content\/uploads\/2025\/11\/schriftzug.png\" alt=\"\" width=\"500\" height=\"117\" srcset=\"https:\/\/spielundactionev.de\/wp-content\/uploads\/2025\/11\/schriftzug.png 500w, https:\/\/spielundactionev.de\/wp-content\/uploads\/2025\/11\/schriftzug-300x70.png 300w\" sizes=\"auto, (max-width: 500px) 100vw, 500px\" \/><\/p>\n<p>Ist ein besonderes Projekt f\u00fcr die Kinder, Jugendlichen und junge Erwachsene der K\u00e4seglocke. Es vereint viele verschiedene Dinge, die wir allt\u00e4glich miteinander machen. Die Suppenk\u00fcche f\u00fcr Kids ist nicht nur die Versorgung von den Kindern und Jugendlichen rund um den Tag, sondern wir geben auch Lebensmittel weiter von denen wir zu viel oder zu wenig haben, die bald ablaufen oder oder oder. Damit jedoch noch nicht genug. Wir sammeln ja auch \u00fcber die <a href=\"https:\/\/spielundactionev.de\/?page_id=41\">Tr\u00f6del-Stube<\/a> Sachspenden aller Art und geben einen Teil in das Projekt &#8222;G\u00f6nn Dir&#8220;, wo sie sich dann z.B. Kleidung oder Hygieneartikel aussuchen k\u00f6nnen. Die jungen Erwachsenen k\u00f6nnen sich, wenn sie beispielsweise von zu Hause ausziehen in der <a href=\"https:\/\/spielundactionev.de\/?page_id=41\">Tr\u00f6del-Stube<\/a> ein wenig mit den Grundsachen ausstatten. Wir versuchen zu helfen, wo es geht und was uns m\u00f6glich ist. Die Erl\u00f6se der Tr\u00f6del-Stube flie\u00dfen zu 100% in die Arbeit des <a href=\"https:\/\/spielundactionev.de\/?page_id=43\">KiJuFam K\u00e4seglocke<\/a> ein.&nbsp;<\/p>\n<p>In dem Projekt &#8222;G\u00f6nn Dir&#8220; helfen alle Kinder, Jugendliche, junge Erwachsene und ehrenamtliche und hauptamtlichen Mitarbeitenden der K\u00e4seglocke mit. Gemeinsam werden die Verk\u00e4ufe organisiert,&nbsp; Sachen aufgearbeitet, Spenden sortiert und vieles mehr. Wenn auch sie uns unterst\u00fctzen m\u00f6chten freuen wir uns \u00fcber Sachspenden vieler Art. Bitte schauen sie einfach auf unsere Seite von der <a href=\"https:\/\/spielundactionev.de\/?page_id=41\">Tr\u00f6del Stube<\/a> vorbei.<\/p>\n<p>\u00d6ffnungszeiten und Sonder\u00f6ffnungen der Tr\u00f6del-Stube&#8230;<\/p>\n<p><img loading=\"lazy\" decoding=\"async\" class=\"aligncenter size-full wp-image-967\" src=\"https:\/\/spielundactionev.de\/wp-content\/uploads\/2025\/11\/Plakat-Tuer-mit-Zusatz.jpg\" alt=\"\" width=\"1264\" height=\"1772\" srcset=\"https:\/\/spielundactionev.de\/wp-content\/uploads\/2025\/11\/Plakat-Tuer-mit-Zusatz.jpg 1264w, https:\/\/spielundactionev.de\/wp-content\/uploads\/2025\/11\/Plakat-Tuer-mit-Zusatz-214x300.jpg 214w, https:\/\/spielundactionev.de\/wp-content\/uploads\/2025\/11\/Plakat-Tuer-mit-Zusatz-730x1024.jpg 730w, https:\/\/spielundactionev.de\/wp-content\/uploads\/2025\/11\/Plakat-Tuer-mit-Zusatz-768x1077.jpg 768w, https:\/\/spielundactionev.de\/wp-content\/uploads\/2025\/11\/Plakat-Tuer-mit-Zusatz-1096x1536.jpg 1096w\" sizes=\"auto, (max-width: 767px) 89vw, (max-width: 1000px) 54vw, (max-width: 1071px) 543px, 580px\" \/><\/p>\n","protected":false},"excerpt":{"rendered":"<p>Ist ein besonderes Projekt f\u00fcr die Kinder, Jugendlichen und junge Erwachsene der K\u00e4seglocke. Es vereint viele verschiedene Dinge, die wir allt\u00e4glich miteinander machen. Die Suppenk\u00fcche f\u00fcr Kids ist nicht nur die Versorgung von den Kindern und Jugendlichen rund um den Tag, sondern wir geben auch Lebensmittel weiter von denen wir zu viel oder zu wenig &hellip; <\/p>\n<p class=\"link-more\"><a href=\"https:\/\/spielundactionev.de\/?page_id=969\" class=\"more-link\"><span class=\"screen-reader-text\">\u201eProjekt: G\u00f6nn Dir\u201c <\/span>weiterlesen<\/a><\/p>\n","protected":false},"author":2,"featured_media":0,"parent":0,"menu_order":0,"comment_status":"closed","ping_status":"closed","template":"","meta":{"ngg_post_thumbnail":0,"footnotes":""},"class_list":["post-969","page","type-page","status-publish","hentry"],"_links":{"self":[{"href":"https:\/\/spielundactionev.de\/index.php?rest_route=\/wp\/v2\/pages\/969","targetHints":{"allow":["GET"]}}],"collection":[{"href":"https:\/\/spielundactionev.de\/index.php?rest_route=\/wp\/v2\/pages"}],"about":[{"href":"https:\/\/spielundactionev.de\/index.php?rest_route=\/wp\/v2\/types\/page"}],"author":[{"embeddable":true,"href":"https:\/\/spielundactionev.de\/index.php?rest_route=\/wp\/v2\/users\/2"}],"replies":[{"embeddable":true,"href":"https:\/\/spielundactionev.de\/index.php?rest_route=%2Fwp%2Fv2%2Fcomments&post=969"}],"version-history":[{"count":3,"href":"https:\/\/spielundactionev.de\/index.php?rest_route=\/wp\/v2\/pages\/969\/revisions"}],"predecessor-version":[{"id":981,"href":"https:\/\/spielundactionev.de\/index.php?rest_route=\/wp\/v2\/pages\/969\/revisions\/981"}],"wp:attachment":[{"href":"https:\/\/spielundactionev.de\/index.php?rest_route=%2Fwp%2Fv2%2Fmedia&parent=969"}],"curies":[{"name":"wp","href":"https:\/\/api.w.org\/{rel}","templated":true}]}}