{"id":98,"date":"2022-01-10T14:50:53","date_gmt":"2022-01-10T13:50:53","guid":{"rendered":"https:\/\/spielundactionev.de\/?page_id=98"},"modified":"2023-04-12T11:57:04","modified_gmt":"2023-04-12T09:57:04","slug":"impressum-und-datenschutz","status":"publish","type":"page","link":"https:\/\/spielundactionev.de\/?page_id=98","title":{"rendered":"Impressum"},"content":{"rendered":"\r\n<p>Spiel &amp; Action e.V.<img loading=\"lazy\" decoding=\"async\" class=\" wp-image-17 alignright\" src=\"https:\/\/spielundactionev.de\/wp-content\/uploads\/2022\/01\/cropped-cropped-logo-neu-300x300.png\" alt=\"\" width=\"225\" height=\"225\" srcset=\"https:\/\/spielundactionev.de\/wp-content\/uploads\/2022\/01\/cropped-cropped-logo-neu-300x300.png 300w, https:\/\/spielundactionev.de\/wp-content\/uploads\/2022\/01\/cropped-cropped-logo-neu-150x150.png 150w, https:\/\/spielundactionev.de\/wp-content\/uploads\/2022\/01\/cropped-cropped-logo-neu-270x270.png 270w, https:\/\/spielundactionev.de\/wp-content\/uploads\/2022\/01\/cropped-cropped-logo-neu-192x192.png 192w, https:\/\/spielundactionev.de\/wp-content\/uploads\/2022\/01\/cropped-cropped-logo-neu-180x180.png 180w, https:\/\/spielundactionev.de\/wp-content\/uploads\/2022\/01\/cropped-cropped-logo-neu-32x32.png 32w, https:\/\/spielundactionev.de\/wp-content\/uploads\/2022\/01\/cropped-cropped-logo-neu.png 512w\" sizes=\"auto, (max-width: 225px) 100vw, 225px\" \/><br>K\u00e4seglocke<br>Leonorenstr. 65<br>12247 Berlin<br><br><br>Tel.: 030 \/ 715 22 868<br>E-Mail: info(at)spielundactionev.de<br><br><br>Inhaltlich verantwortlich gem\u00e4\u00df \u00a7 10 Absatz 3 MDStV:<br><br>Spiel &amp; Action e.V. (Anschrift wie oben)<br><br><br><strong>Kontoverbindung:<\/strong><\/p>\r\n<p>Spiel und Action e.V.<br>Berliner Volksbank<br>IBAN: DE90 1009 0000 3206 1850 06<br>BIC: BEVODEBBXXX<br><br><br><strong>Gesch\u00e4ftsf\u00fchrerinnen:<\/strong><br><br><a href=\"https:\/\/spielundactionev.de\/?page_id=165\">Dipl. Soz. P\u00e4d. Maren Westphal<\/a> <br>E &#8211; Mail: mwestphal(at)spielundactionev.de<br><br><a href=\"https:\/\/spielundactionev.de\/?page_id=179\">Silvia H\u00e4rtel<\/a><br>E-Mail: shaertel(at)spielundactionev.de<br><br><img loading=\"lazy\" decoding=\"async\" class=\"size-full wp-image-363 alignleft\" src=\"https:\/\/spielundactionev.de\/wp-content\/uploads\/2022\/01\/datenschutz.png\" alt=\"\" width=\"195\" height=\"183\"><br><br>Unsere Datenschutzerkl\u00e4rung <br>finden Sie <a href=\"https:\/\/spielundactionev.de\/?page_id=3\">hier&#8230;<\/a><\/p>\r\n<p>&nbsp;<\/p>\r\n","protected":false},"excerpt":{"rendered":"<p>Spiel &amp; Action e.V.K\u00e4seglockeLeonorenstr. 6512247 Berlin Tel.: 030 \/ 715 22 868E-Mail: info(at)spielundactionev.de Inhaltlich verantwortlich gem\u00e4\u00df \u00a7 10 Absatz 3 MDStV: Spiel &amp; Action e.V. (Anschrift wie oben) Kontoverbindung: Spiel und Action e.V.Berliner VolksbankIBAN: DE90 1009 0000 3206 1850 06BIC: BEVODEBBXXX Gesch\u00e4ftsf\u00fchrerinnen: Dipl. Soz. P\u00e4d. Maren Westphal E &#8211; Mail: mwestphal(at)spielundactionev.de Silvia H\u00e4rtelE-Mail: shaertel(at)spielundactionev.de Unsere &hellip; <\/p>\n<p class=\"link-more\"><a href=\"https:\/\/spielundactionev.de\/?page_id=98\" class=\"more-link\"><span class=\"screen-reader-text\">\u201eImpressum\u201c <\/span>weiterlesen<\/a><\/p>\n","protected":false},"author":2,"featured_media":0,"parent":0,"menu_order":0,"comment_status":"closed","ping_status":"closed","template":"","meta":{"ngg_post_thumbnail":0,"footnotes":""},"class_list":["post-98","page","type-page","status-publish","hentry"],"_links":{"self":[{"href":"https:\/\/spielundactionev.de\/index.php?rest_route=\/wp\/v2\/pages\/98","targetHints":{"allow":["GET"]}}],"collection":[{"href":"https:\/\/spielundactionev.de\/index.php?rest_route=\/wp\/v2\/pages"}],"about":[{"href":"https:\/\/spielundactionev.de\/index.php?rest_route=\/wp\/v2\/types\/page"}],"author":[{"embeddable":true,"href":"https:\/\/spielundactionev.de\/index.php?rest_route=\/wp\/v2\/users\/2"}],"replies":[{"embeddable":true,"href":"https:\/\/spielundactionev.de\/index.php?rest_route=%2Fwp%2Fv2%2Fcomments&post=98"}],"version-history":[{"count":13,"href":"https:\/\/spielundactionev.de\/index.php?rest_route=\/wp\/v2\/pages\/98\/revisions"}],"predecessor-version":[{"id":835,"href":"https:\/\/spielundactionev.de\/index.php?rest_route=\/wp\/v2\/pages\/98\/revisions\/835"}],"wp:attachment":[{"href":"https:\/\/spielundactionev.de\/index.php?rest_route=%2Fwp%2Fv2%2Fmedia&parent=98"}],"curies":[{"name":"wp","href":"https:\/\/api.w.org\/{rel}","templated":true}]}}